{"id":17092,"date":"2024-04-18T17:53:38","date_gmt":"2024-04-18T14:53:38","guid":{"rendered":"https:\/\/alleegalerii.ee\/?post_type=product&#038;p=17092"},"modified":"2024-05-11T20:01:37","modified_gmt":"2024-05-11T17:01:37","slug":"eduard-wiiralt-monika-1942","status":"publish","type":"product","link":"https:\/\/alleegalerii.ee\/en\/shop\/eduard-wiiralt-monika-1942\/","title":{"rendered":"127. Eduard Wiiralt &#8220;Monika&#8221;, 1942"},"content":{"rendered":"","protected":false},"excerpt":{"rendered":"<p>Metsotinto paberil. Plm 49,2 x 31,9 cm.<\/p>\n<div class=\"wpb_wrapper is_stuck\">\n<div class=\"wpb_text_column wpb_content_element\">\n<div class=\"wpb_wrapper\">\n<p>Kunstiteadlane Mai Levin on Eduard Wiiralti (1898-1954) \u201cMonika\u201d kohta kirjutanud j\u00e4rgmist: \u201cOma tippteose metsotintotehnikas l\u00f5i Wiiralt v\u00e4ikesest Tallinna t\u00fcdrukust Monika Pootsikust tehtud rohkete joonistuste alusel 1942. aasta teisel poolel.\u201d Kunstnik katsetas sama motiiviga teost v\u00e4ikeste variatsioonidega pikalt ning \u00fche j\u00e4rgmise variandina tegi versiooni, kus tagaplaanil kujutatud portreel on peas samasugune m\u00fcts, mida kannab esiplaanil istuv t\u00fctarlaps. T\u00fctarlapse portree on ka viimase sviitril oleval prossil ning nii n\u00e4ivad k\u00f5ik kolm portreed kajastavat t\u00fctarlapse kujunemist lapsest t\u00f5siseks neiuks.<\/p>\n<p>\u201cMonika\u201d sai kiita juba oma valmimise aastal, millest r\u00e4\u00e4gib ka 2013. aasta \u201cEesti kunsti ajaloo\u201d 6. k\u00f6ite 1. osa: \u201cTallinna Kunstihoone 1942. aasta s\u00fcgisn\u00e4itusel t\u00f5usid m\u00e4rgiliste teostena esile Eduard Wiiralt Eesti-ainelised portree\u00fcldistused: kaks teost pealkirjaga \u201cEesti neiu\u201d (\u00fcks v\u00e4rviline akvatinta, teine pehmelakk) ja metsotinto \u201cMonika\u201d (n\u00e4itusel oli selle nimetus veel \u201cT\u00fcdruk lilledega\u201d). Viimast, kompositsioonilt erilist, kolmekordse portreekordusega teost, mis tehniliselt on E. Wiiralti metsotintok\u00e4sitluse tipp, hakati hiljem aina rohkem hindama ning \u201cMonikal\u201d oli edu ka s\u00f5jaj\u00e4rgsel Prantsusmaal.\u201d<\/p>\n<p style=\"text-align: right;\"><em>Tekst: Katre Palm<\/em><\/p>\n<\/div>\n<\/div>\n<\/div>\n","protected":false},"featured_media":16437,"template":"","meta":{"_acf_changed":false},"product_brand":[],"product_cat":[291],"product_tag":[],"class_list":{"0":"post-17092","1":"product","2":"type-product","3":"status-publish","4":"has-post-thumbnail","6":"product_cat-kevadoksjon-2024","7":"auction-is-closed","8":"current-user-is-not-highest-bidder","10":"first","11":"instock","12":"shipping-taxable","13":"purchasable","14":"product-type-auction"},"acf":[],"_links":{"self":[{"href":"https:\/\/alleegalerii.ee\/en\/wp-json\/wp\/v2\/product\/17092","targetHints":{"allow":["GET"]}}],"collection":[{"href":"https:\/\/alleegalerii.ee\/en\/wp-json\/wp\/v2\/product"}],"about":[{"href":"https:\/\/alleegalerii.ee\/en\/wp-json\/wp\/v2\/types\/product"}],"wp:featuredmedia":[{"embeddable":true,"href":"https:\/\/alleegalerii.ee\/en\/wp-json\/wp\/v2\/media\/16437"}],"wp:attachment":[{"href":"https:\/\/alleegalerii.ee\/en\/wp-json\/wp\/v2\/media?parent=17092"}],"wp:term":[{"taxonomy":"product_brand","embeddable":true,"href":"https:\/\/alleegalerii.ee\/en\/wp-json\/wp\/v2\/product_brand?post=17092"},{"taxonomy":"product_cat","embeddable":true,"href":"https:\/\/alleegalerii.ee\/en\/wp-json\/wp\/v2\/product_cat?post=17092"},{"taxonomy":"product_tag","embeddable":true,"href":"https:\/\/alleegalerii.ee\/en\/wp-json\/wp\/v2\/product_tag?post=17092"}],"curies":[{"name":"wp","href":"https:\/\/api.w.org\/{rel}","templated":true}]}}