{"id":17015,"date":"2024-04-18T14:17:43","date_gmt":"2024-04-18T11:17:43","guid":{"rendered":"https:\/\/alleegalerii.ee\/?post_type=product&#038;p=17015"},"modified":"2024-05-11T20:01:25","modified_gmt":"2024-05-11T17:01:25","slug":"kaljo-pollu-uni","status":"publish","type":"product","link":"https:\/\/alleegalerii.ee\/en\/shop\/kaljo-pollu-uni\/","title":{"rendered":"123. Kaljo P\u00f5llu &#8220;Uni&#8221;, 1973"},"content":{"rendered":"","protected":false},"excerpt":{"rendered":"<p>Metsotinto paberil. Plm 30,5 x 43,5 cm.<\/p>\n<div class=\"wpb_wrapper is_stuck\">\n<div class=\"wpb_text_column wpb_content_element\">\n<div class=\"wpb_wrapper\">\n<p style=\"text-align: right;\">\u201c\u00dcks laps kiigub, kerge kui tuul\u00a0ja laulab seal omaette.<\/p>\n<p style=\"text-align: right;\">Ta silmad on kinni, ta s\u00f5nad puhkevad haldjate keelest.<\/p>\n<p style=\"text-align: right;\">Ei vaata ta taha, ei ette, ei maha, ei \u00fcles.<\/p>\n<p style=\"text-align: right;\">Ta kiigub haldjate s\u00fcles kahe maailma vahel \u2013<\/p>\n<p style=\"text-align: right;\">puhas leheke unen\u00e4opuul.\u201d<\/p>\n<p style=\"text-align: right;\">Doris Kareva \u201cV\u00e4rav kahe maailma vahel\u201d<\/p>\n<p>Kaljo P\u00f5llu (1934-2010) loomingu alustalaks olev soome-ugri m\u00fctoloogia kannab endas s\u00fcgavate laante kaja, aegade\u00fclest elutarkuste ja muistendite p\u00f5lvest p\u00f5lve edasi p\u00e4randamist. Metsotintotehnika pehmus ja sulavad \u00fcleminekud aitasid v\u00f5imendada \u00fcrgset maagiat, mille P\u00f5llu sageli just \u00f6\u00f6valgust kujutades plaadile kandis. Tema \u00fcheks ikoonilisemaks kujunenud \u201cKodalaste\u201d sarja teosed otsivad vastuseid olulistele eksistentsiaalsetele k\u00fcsimustele: kust oleme tulnud ning kuhu l\u00e4heme? Seet\u00f5ttu pole ka juhus, et just selle sarja eest p\u00e4lvis P\u00f5llu 1975. aastal maineka Kristjan Raua preemia.<\/p>\n<p>\u201cKodalaste\u201d k\u00f5ige esimene teos \u201cUni\u201d kannab endas s\u00f5numit esivanemate uskumusest une olulisusesse ja ettekuulutusse. Unen\u00e4gudes v\u00f5is ette n\u00e4ha nii j\u00e4rgneva jahip\u00e4eva kulgu v\u00f5i teekonda viljakamate marja- ja seenemetsadeni \u2013 k\u00f5ik, mis aitas koriluskultuuril toimida ja oli seega sama oluliseks osaks elust kui \u00e4rkveloleku aeg. Kaitsva maapinna soojas p\u00f5ues puhkav \u00fchtne kogukond on edasi antud harmoonilise ja rahulikuna, neid valvav truu koer on aga \u00e4rkvel, et ohu korral kahe maailma vaheline v\u00e4rav avada. Unen\u00e4gudemaailmas olevat justkui h\u00f5ljuvat olekut on P\u00f5llu v\u00e4ljendanud tagaplaanil sooja kuma andvate kuuvalgel helendavate pilvepallidega.<\/p>\n<p>Sari valmis enne, kui algasid P\u00f5llu kuulsad etnograafilised ekspeditsioonid teiste soome-ugri rahvaste juurde ning selle ettevalmistamise osaks olid eraldiseisvalt valminud t\u00f6\u00f6d Eesti maastikest. Nii kannab k\u00e4esolev teos ka s\u00fcgavat austust muistsete eestlaste loodust austavale eluviisile.<\/p>\n<p>Teos \u201cUni\u201d kuulub ka Eesti Kunstimuuseumi kollektsiooni.<\/p>\n<p style=\"text-align: right;\"><em>Tekst: Katre Palm<\/em><\/p>\n<\/div>\n<\/div>\n<\/div>\n","protected":false},"featured_media":16027,"template":"","meta":{"_acf_changed":false},"product_brand":[],"product_cat":[291],"product_tag":[],"class_list":{"0":"post-17015","1":"product","2":"type-product","3":"status-publish","4":"has-post-thumbnail","6":"product_cat-kevadoksjon-2024","7":"auction-is-closed","8":"current-user-is-not-highest-bidder","10":"first","11":"instock","12":"shipping-taxable","13":"purchasable","14":"product-type-auction"},"acf":[],"_links":{"self":[{"href":"https:\/\/alleegalerii.ee\/en\/wp-json\/wp\/v2\/product\/17015","targetHints":{"allow":["GET"]}}],"collection":[{"href":"https:\/\/alleegalerii.ee\/en\/wp-json\/wp\/v2\/product"}],"about":[{"href":"https:\/\/alleegalerii.ee\/en\/wp-json\/wp\/v2\/types\/product"}],"wp:featuredmedia":[{"embeddable":true,"href":"https:\/\/alleegalerii.ee\/en\/wp-json\/wp\/v2\/media\/16027"}],"wp:attachment":[{"href":"https:\/\/alleegalerii.ee\/en\/wp-json\/wp\/v2\/media?parent=17015"}],"wp:term":[{"taxonomy":"product_brand","embeddable":true,"href":"https:\/\/alleegalerii.ee\/en\/wp-json\/wp\/v2\/product_brand?post=17015"},{"taxonomy":"product_cat","embeddable":true,"href":"https:\/\/alleegalerii.ee\/en\/wp-json\/wp\/v2\/product_cat?post=17015"},{"taxonomy":"product_tag","embeddable":true,"href":"https:\/\/alleegalerii.ee\/en\/wp-json\/wp\/v2\/product_tag?post=17015"}],"curies":[{"name":"wp","href":"https:\/\/api.w.org\/{rel}","templated":true}]}}