{"id":16941,"date":"2024-04-13T16:18:00","date_gmt":"2024-04-13T13:18:00","guid":{"rendered":"https:\/\/alleegalerii.ee\/?post_type=product&#038;p=16941"},"modified":"2024-07-28T16:44:22","modified_gmt":"2024-07-28T13:44:22","slug":"ernst-hallop-kevadmaastik-1960","status":"publish","type":"product","link":"https:\/\/alleegalerii.ee\/en\/shop\/ernst-hallop-kevadmaastik-1960\/","title":{"rendered":"Ernst Hallop &#8220;Kevadmaastik&#8221;, 1960"},"content":{"rendered":"","protected":false},"excerpt":{"rendered":"<p>Pastell paberil. Raamitud.<\/p>\n<p>M\u00f5\u00f5dud: km 34 x 47 cm, raamiga 56 x 68 cm.<\/p>\n<p>All vasakul: E. Hallop 60<br \/>\nP\u00f6\u00f6rdel: luuletus<\/p>\n<p>Peamiselt looduspilte ja linnavaateid j\u00e4\u00e4dvustanud Ernst Hallop on palju maalinud L\u00f5una- Eestis, eriti enda kodukandis V\u00f5rumaal. Tema pastell- ja \u00f5limaalidel valitsevad helge meeleolu ning armastus kujutatava motiivi vastu.<\/p>\n","protected":false},"featured_media":16943,"template":"","meta":{"_acf_changed":false},"product_brand":[],"product_cat":[415,62,57,59,68],"product_tag":[60],"class_list":{"0":"post-16941","1":"product","2":"type-product","3":"status-publish","4":"has-post-thumbnail","6":"product_cat-maal","7":"product_cat-joonistus","8":"product_cat-muudud","9":"product_cat-e-pood","10":"product_cat-pastell","11":"product_tag-e-pood","13":"first","14":"outofstock","15":"sold-individually","16":"shipping-taxable","17":"purchasable","18":"product-type-simple"},"acf":[],"_links":{"self":[{"href":"https:\/\/alleegalerii.ee\/en\/wp-json\/wp\/v2\/product\/16941","targetHints":{"allow":["GET"]}}],"collection":[{"href":"https:\/\/alleegalerii.ee\/en\/wp-json\/wp\/v2\/product"}],"about":[{"href":"https:\/\/alleegalerii.ee\/en\/wp-json\/wp\/v2\/types\/product"}],"wp:featuredmedia":[{"embeddable":true,"href":"https:\/\/alleegalerii.ee\/en\/wp-json\/wp\/v2\/media\/16943"}],"wp:attachment":[{"href":"https:\/\/alleegalerii.ee\/en\/wp-json\/wp\/v2\/media?parent=16941"}],"wp:term":[{"taxonomy":"product_brand","embeddable":true,"href":"https:\/\/alleegalerii.ee\/en\/wp-json\/wp\/v2\/product_brand?post=16941"},{"taxonomy":"product_cat","embeddable":true,"href":"https:\/\/alleegalerii.ee\/en\/wp-json\/wp\/v2\/product_cat?post=16941"},{"taxonomy":"product_tag","embeddable":true,"href":"https:\/\/alleegalerii.ee\/en\/wp-json\/wp\/v2\/product_tag?post=16941"}],"curies":[{"name":"wp","href":"https:\/\/api.w.org\/{rel}","templated":true}]}}