{"id":16824,"date":"2024-04-11T19:24:02","date_gmt":"2024-04-11T16:24:02","guid":{"rendered":"https:\/\/alleegalerii.ee\/?post_type=product&#038;p=16824"},"modified":"2026-01-16T17:09:33","modified_gmt":"2026-01-16T15:09:33","slug":"erich-pehap-pesunaine-1975","status":"publish","type":"product","link":"https:\/\/alleegalerii.ee\/en\/shop\/erich-pehap-pesunaine-1975\/","title":{"rendered":"Erich Pehap &#8220;Pesunaine&#8221;, 1947"},"content":{"rendered":"","protected":false},"excerpt":{"rendered":"<p>Pliiatsijoonistus paberil. Raamitud.<\/p>\n<p>M\u00f5\u00f5dud: ava 23 x 29,5 cm, raamiga 43 x 57,5 cm.<\/p>\n<p>All paremal: E. Pehap 1947<\/p>\n<p>Viljandis s\u00fcndinud Erich Pehap (1912-1981) \u00f5ppis Pallases maalikunsti, Riigi Kunstit\u00f6\u00f6stuskoolis keraamikat ja tarbegraafikat ning 1939 l\u00f5petas Pallase graafikuna. 1943. aastal Soome, sealt edasi Rootsi ning hiljem Kanadasse siirdunud kunstniku tegevus ja looming j\u00e4ttis kustumatu j\u00e4lje kohalikku kunstiellu.<\/p>\n","protected":false},"featured_media":16834,"template":"","meta":{"_acf_changed":false},"product_brand":[],"product_cat":[62,59],"product_tag":[60],"class_list":{"0":"post-16824","1":"product","2":"type-product","3":"status-publish","4":"has-post-thumbnail","6":"product_cat-joonistus","7":"product_cat-e-pood","8":"product_tag-e-pood","10":"first","11":"instock","12":"sold-individually","13":"shipping-taxable","14":"purchasable","15":"product-type-simple"},"acf":[],"_links":{"self":[{"href":"https:\/\/alleegalerii.ee\/en\/wp-json\/wp\/v2\/product\/16824","targetHints":{"allow":["GET"]}}],"collection":[{"href":"https:\/\/alleegalerii.ee\/en\/wp-json\/wp\/v2\/product"}],"about":[{"href":"https:\/\/alleegalerii.ee\/en\/wp-json\/wp\/v2\/types\/product"}],"wp:featuredmedia":[{"embeddable":true,"href":"https:\/\/alleegalerii.ee\/en\/wp-json\/wp\/v2\/media\/16834"}],"wp:attachment":[{"href":"https:\/\/alleegalerii.ee\/en\/wp-json\/wp\/v2\/media?parent=16824"}],"wp:term":[{"taxonomy":"product_brand","embeddable":true,"href":"https:\/\/alleegalerii.ee\/en\/wp-json\/wp\/v2\/product_brand?post=16824"},{"taxonomy":"product_cat","embeddable":true,"href":"https:\/\/alleegalerii.ee\/en\/wp-json\/wp\/v2\/product_cat?post=16824"},{"taxonomy":"product_tag","embeddable":true,"href":"https:\/\/alleegalerii.ee\/en\/wp-json\/wp\/v2\/product_tag?post=16824"}],"curies":[{"name":"wp","href":"https:\/\/api.w.org\/{rel}","templated":true}]}}