{"id":16821,"date":"2024-04-11T19:22:53","date_gmt":"2024-04-11T16:22:53","guid":{"rendered":"https:\/\/alleegalerii.ee\/?post_type=product&#038;p=16821"},"modified":"2026-01-16T17:07:50","modified_gmt":"2026-01-16T15:07:50","slug":"abel-lee-kalad-1971","status":"publish","type":"product","link":"https:\/\/alleegalerii.ee\/en\/shop\/abel-lee-kalad-1971\/","title":{"rendered":"Abel Lee &#8220;Kalad&#8221;, 1971"},"content":{"rendered":"","protected":false},"excerpt":{"rendered":"<p>Segatehnika paberil. Raamitud.<\/p>\n<p>M\u00f5\u00f5dud: 25,5 x 40 cm, raamiga 38 x 53 cm.<\/p>\n<p>All vasakul: Abel Lee 1971<\/p>\n<p>Legendaarse G\u00fcnther Reindorffi k\u00e4e all kunstihariduse saanud Abel Lee (1918-2010) emigreerus hiljem Kanadasse ning sai seet\u00f5ttu oma kunstis edasi anda vaba maailma emotsioone.<\/p>\n","protected":false},"featured_media":16832,"template":"","meta":{"_acf_changed":false},"product_brand":[],"product_cat":[415,59,93],"product_tag":[60],"class_list":{"0":"post-16821","1":"product","2":"type-product","3":"status-publish","4":"has-post-thumbnail","6":"product_cat-maal","7":"product_cat-e-pood","8":"product_cat-segatehnika","9":"product_tag-e-pood","11":"first","12":"instock","13":"sold-individually","14":"shipping-taxable","15":"purchasable","16":"product-type-simple"},"acf":[],"_links":{"self":[{"href":"https:\/\/alleegalerii.ee\/en\/wp-json\/wp\/v2\/product\/16821","targetHints":{"allow":["GET"]}}],"collection":[{"href":"https:\/\/alleegalerii.ee\/en\/wp-json\/wp\/v2\/product"}],"about":[{"href":"https:\/\/alleegalerii.ee\/en\/wp-json\/wp\/v2\/types\/product"}],"wp:featuredmedia":[{"embeddable":true,"href":"https:\/\/alleegalerii.ee\/en\/wp-json\/wp\/v2\/media\/16832"}],"wp:attachment":[{"href":"https:\/\/alleegalerii.ee\/en\/wp-json\/wp\/v2\/media?parent=16821"}],"wp:term":[{"taxonomy":"product_brand","embeddable":true,"href":"https:\/\/alleegalerii.ee\/en\/wp-json\/wp\/v2\/product_brand?post=16821"},{"taxonomy":"product_cat","embeddable":true,"href":"https:\/\/alleegalerii.ee\/en\/wp-json\/wp\/v2\/product_cat?post=16821"},{"taxonomy":"product_tag","embeddable":true,"href":"https:\/\/alleegalerii.ee\/en\/wp-json\/wp\/v2\/product_tag?post=16821"}],"curies":[{"name":"wp","href":"https:\/\/api.w.org\/{rel}","templated":true}]}}