{"id":16371,"date":"2024-04-05T13:59:19","date_gmt":"2024-04-05T10:59:19","guid":{"rendered":"https:\/\/alleegalerii.ee\/?post_type=product&#038;p=16371"},"modified":"2026-01-16T17:06:47","modified_gmt":"2026-01-16T15:06:47","slug":"ado-vabbe-kolm-naist","status":"publish","type":"product","link":"https:\/\/alleegalerii.ee\/en\/shop\/ado-vabbe-kolm-naist\/","title":{"rendered":"Ado Vabbe &#8220;Kolm naist&#8221;"},"content":{"rendered":"","protected":false},"excerpt":{"rendered":"<p>Pliiatsijoonistus paberil. Raamitud.<\/p>\n<p>M\u00f5\u00f5dud: ava 18,5 x 11,5 cm, raamiga 48 x 41 cm.<\/p>\n<p>Eesti kunsti \u00fche suurkuju ja Pallase asutajaliikme, Ado Vabbe (1892-1961) k\u00e4e all on kujunenud terve plejaad andekaid kunstnikke: Karl P\u00e4rsim\u00e4gi, Endel K\u00f5ks, Elmar Kits jpt. End erinevates Euroopa kunsti s\u00fcdametes koolitanud Vabbe t\u00f5i kodumaale kaasa uusi tehnikaid, ideid ja suundi.<\/p>\n","protected":false},"featured_media":16372,"template":"","meta":{"_acf_changed":false},"product_brand":[],"product_cat":[62,59],"product_tag":[60],"class_list":{"0":"post-16371","1":"product","2":"type-product","3":"status-publish","4":"has-post-thumbnail","6":"product_cat-joonistus","7":"product_cat-e-pood","8":"product_tag-e-pood","10":"first","11":"instock","12":"sold-individually","13":"shipping-taxable","14":"purchasable","15":"product-type-simple"},"acf":[],"_links":{"self":[{"href":"https:\/\/alleegalerii.ee\/en\/wp-json\/wp\/v2\/product\/16371","targetHints":{"allow":["GET"]}}],"collection":[{"href":"https:\/\/alleegalerii.ee\/en\/wp-json\/wp\/v2\/product"}],"about":[{"href":"https:\/\/alleegalerii.ee\/en\/wp-json\/wp\/v2\/types\/product"}],"wp:featuredmedia":[{"embeddable":true,"href":"https:\/\/alleegalerii.ee\/en\/wp-json\/wp\/v2\/media\/16372"}],"wp:attachment":[{"href":"https:\/\/alleegalerii.ee\/en\/wp-json\/wp\/v2\/media?parent=16371"}],"wp:term":[{"taxonomy":"product_brand","embeddable":true,"href":"https:\/\/alleegalerii.ee\/en\/wp-json\/wp\/v2\/product_brand?post=16371"},{"taxonomy":"product_cat","embeddable":true,"href":"https:\/\/alleegalerii.ee\/en\/wp-json\/wp\/v2\/product_cat?post=16371"},{"taxonomy":"product_tag","embeddable":true,"href":"https:\/\/alleegalerii.ee\/en\/wp-json\/wp\/v2\/product_tag?post=16371"}],"curies":[{"name":"wp","href":"https:\/\/api.w.org\/{rel}","templated":true}]}}