{"id":15512,"date":"2024-03-16T17:22:35","date_gmt":"2024-03-16T15:22:35","guid":{"rendered":"https:\/\/alleegalerii.ee\/?post_type=product&#038;p=15512"},"modified":"2024-03-22T10:55:00","modified_gmt":"2024-03-22T08:55:00","slug":"ott-kangilaski-kalevi-sang-aksis-1957","status":"publish","type":"product","link":"https:\/\/alleegalerii.ee\/en\/shop\/ott-kangilaski-kalevi-sang-aksis-1957\/","title":{"rendered":"Ott Kangilaski \u201cKalevi s\u00e4ng \u00c4ksis\u201d, 1957"},"content":{"rendered":"","protected":false},"excerpt":{"rendered":"<p>Akvatinta paberil.<\/p>\n<p>M\u00f5\u00f5dud: plm 30,5 x 38 cm.<\/p>\n<p>All vasakul: <span style=\"font-weight: 400;\">\u201cKalevi s\u00e4ng \u00c4ksis\u201d (akvatinta)<br \/>\nAll paremal: Ott Kangilaski 1957<\/span><\/p>\n<p>M\u00fc\u00fcgil lehe kujul, soovi korral saame aidata raami valikul ja vormistamisel.<\/p>\n<p>Pallaslast Ott Kangilaskit (1911-1975) huvitasid lisaks kunstile rahvap\u00e4rimused, mist\u00f5ttu pakkusid Kalevipojaga seotud paigad talle erilist inspiratsiooni. 1950. aastail oli igatsus k\u00f5ige eestiliku j\u00e4rele oludest tingituna eriti suur ning eesti rahvuskangelase viimne s\u00e4ng on seet\u00f5ttu looritatud p\u00fchaliku udulooriga, mida pehme akvatinta h\u00e4sti edasi anda aitab.<\/p>\n<p>Teos valiti v\u00e4lja ka Kangilaski reproduktsioonide kogumikku &#8220;16 graafilist lehte. 16 \u0433\u0440\u0430\u0444\u0438\u0447\u0435\u0441\u043a\u0438\u0445 \u043b\u0438\u0441\u0442\u043e\u0432. Ott Kangilaski&#8221;, 1962. a.<\/p>\n","protected":false},"featured_media":15517,"template":"","meta":{"_acf_changed":false},"product_brand":[],"product_cat":[61,59],"product_tag":[],"class_list":{"0":"post-15512","1":"product","2":"type-product","3":"status-publish","4":"has-post-thumbnail","6":"product_cat-graafika","7":"product_cat-e-pood","9":"first","10":"instock","11":"sold-individually","12":"shipping-taxable","13":"purchasable","14":"product-type-simple"},"acf":[],"_links":{"self":[{"href":"https:\/\/alleegalerii.ee\/en\/wp-json\/wp\/v2\/product\/15512","targetHints":{"allow":["GET"]}}],"collection":[{"href":"https:\/\/alleegalerii.ee\/en\/wp-json\/wp\/v2\/product"}],"about":[{"href":"https:\/\/alleegalerii.ee\/en\/wp-json\/wp\/v2\/types\/product"}],"wp:featuredmedia":[{"embeddable":true,"href":"https:\/\/alleegalerii.ee\/en\/wp-json\/wp\/v2\/media\/15517"}],"wp:attachment":[{"href":"https:\/\/alleegalerii.ee\/en\/wp-json\/wp\/v2\/media?parent=15512"}],"wp:term":[{"taxonomy":"product_brand","embeddable":true,"href":"https:\/\/alleegalerii.ee\/en\/wp-json\/wp\/v2\/product_brand?post=15512"},{"taxonomy":"product_cat","embeddable":true,"href":"https:\/\/alleegalerii.ee\/en\/wp-json\/wp\/v2\/product_cat?post=15512"},{"taxonomy":"product_tag","embeddable":true,"href":"https:\/\/alleegalerii.ee\/en\/wp-json\/wp\/v2\/product_tag?post=15512"}],"curies":[{"name":"wp","href":"https:\/\/api.w.org\/{rel}","templated":true}]}}