{"id":15511,"date":"2024-03-16T17:23:34","date_gmt":"2024-03-16T15:23:34","guid":{"rendered":"https:\/\/alleegalerii.ee\/?post_type=product&#038;p=15511"},"modified":"2025-01-13T15:04:23","modified_gmt":"2025-01-13T13:04:23","slug":"marje-uksine-videvik-1990","status":"publish","type":"product","link":"https:\/\/alleegalerii.ee\/en\/shop\/marje-uksine-videvik-1990\/","title":{"rendered":"Marje \u00dcksine \u201cVidevik\u201d, 1990"},"content":{"rendered":"","protected":false},"excerpt":{"rendered":"<p>V\u00e4rviline litograafia paberil.<\/p>\n<p>M\u00f5\u00f5dud: plm 35 x 40 cm.<\/p>\n<p>All vasakul: &#8220;Videvik&#8221; (v\u00e4rv. lito)<br \/>\nAll keskel: 28\/30<br \/>\nAll paremal: M. \u00dcksine 1990.<\/p>\n<p>M\u00fc\u00fcgil lehe kujul, soovi korral saame aidata raami valikul ja vormistamisel.<\/p>\n<p>Oma loominguga mitmetesse maailma mainekatesse kunstikollektsioonidesse kuuluv graafik Marje \u00dcksine on meister p\u00f5nevate koosluste kokkupanemisel. Mustvalgete viirutatud graafiliste t\u00f6\u00f6de k\u00f5rval kuuluvad tema loomepagasisse ka v\u00e4rvilised, fantaasiarikkalt koloreeritud teosed, nagu ka k\u00e4esolev \u201cVidevik&#8221;, kus lillade, roheliste ja kollaste v\u00e4rvilaikudega s\u00e4rab algavas \u00f6\u00f6s majesteetlik lind.<\/p>\n","protected":false},"featured_media":15515,"template":"","meta":{"_acf_changed":false},"product_brand":[],"product_cat":[61,57,59],"product_tag":[],"class_list":{"0":"post-15511","1":"product","2":"type-product","3":"status-publish","4":"has-post-thumbnail","6":"product_cat-graafika","7":"product_cat-muudud","8":"product_cat-e-pood","10":"first","11":"outofstock","12":"sold-individually","13":"shipping-taxable","14":"purchasable","15":"product-type-simple"},"acf":[],"_links":{"self":[{"href":"https:\/\/alleegalerii.ee\/en\/wp-json\/wp\/v2\/product\/15511","targetHints":{"allow":["GET"]}}],"collection":[{"href":"https:\/\/alleegalerii.ee\/en\/wp-json\/wp\/v2\/product"}],"about":[{"href":"https:\/\/alleegalerii.ee\/en\/wp-json\/wp\/v2\/types\/product"}],"wp:featuredmedia":[{"embeddable":true,"href":"https:\/\/alleegalerii.ee\/en\/wp-json\/wp\/v2\/media\/15515"}],"wp:attachment":[{"href":"https:\/\/alleegalerii.ee\/en\/wp-json\/wp\/v2\/media?parent=15511"}],"wp:term":[{"taxonomy":"product_brand","embeddable":true,"href":"https:\/\/alleegalerii.ee\/en\/wp-json\/wp\/v2\/product_brand?post=15511"},{"taxonomy":"product_cat","embeddable":true,"href":"https:\/\/alleegalerii.ee\/en\/wp-json\/wp\/v2\/product_cat?post=15511"},{"taxonomy":"product_tag","embeddable":true,"href":"https:\/\/alleegalerii.ee\/en\/wp-json\/wp\/v2\/product_tag?post=15511"}],"curies":[{"name":"wp","href":"https:\/\/api.w.org\/{rel}","templated":true}]}}