{"id":15506,"date":"2024-03-16T18:34:40","date_gmt":"2024-03-16T16:34:40","guid":{"rendered":"https:\/\/alleegalerii.ee\/?post_type=product&#038;p=15506"},"modified":"2024-03-26T20:32:19","modified_gmt":"2024-03-26T18:32:19","slug":"hugo-lepik-teel-koju","status":"publish","type":"product","link":"https:\/\/alleegalerii.ee\/en\/shop\/hugo-lepik-teel-koju\/","title":{"rendered":"Hugo Lepik &#8220;Teel koju&#8221;, 1940\/50-ndad"},"content":{"rendered":"","protected":false},"excerpt":{"rendered":"<p>\u00d5li l\u00f5uendil. Raamitud.<\/p>\n<p>M\u00f5\u00f5dud: 50 x 61,5 cm, raamiga 65 x 76,5 cm.<\/p>\n<p>All vasakul: H. LEPIK<\/p>\n<p>Hugo Lepik (1905-2001) \u00f5petas Riigi Kunstt\u00f6\u00f6stuskooli \u00f5ppej\u00f5una v\u00e4lja terve rea kunstnikke. L\u00f5plikult kujunes maal tema p\u00f5hialaks aga Rootsis, kuhu kunstnik 1944. aastal siirdus. Kunstiteadlane Kaalu Kirme on pidanud Lepikut \u00fcheks k\u00f5ige lootustandvamaks G\u00fcnther Reindorffi \u00f5pilaseks.<\/p>\n<p>Tema vara\u00f5htune maastik viib vaataja otse muinasjutulise talve keskele. Meistri m\u00e4rgina piisab tal vaid pisikese detailina koju s\u00f5itva hoburakendi lisamisest, et kanda teosele soe ja l\u00e4hedane emotsioon.<\/p>\n","protected":false},"featured_media":15508,"template":"","meta":{"_acf_changed":false},"product_brand":[],"product_cat":[415,56,57,59],"product_tag":[60],"class_list":{"0":"post-15506","1":"product","2":"type-product","3":"status-publish","4":"has-post-thumbnail","6":"product_cat-maal","7":"product_cat-olimaal","8":"product_cat-muudud","9":"product_cat-e-pood","10":"product_tag-e-pood","12":"first","13":"outofstock","14":"sold-individually","15":"shipping-taxable","16":"purchasable","17":"product-type-simple"},"acf":[],"_links":{"self":[{"href":"https:\/\/alleegalerii.ee\/en\/wp-json\/wp\/v2\/product\/15506","targetHints":{"allow":["GET"]}}],"collection":[{"href":"https:\/\/alleegalerii.ee\/en\/wp-json\/wp\/v2\/product"}],"about":[{"href":"https:\/\/alleegalerii.ee\/en\/wp-json\/wp\/v2\/types\/product"}],"wp:featuredmedia":[{"embeddable":true,"href":"https:\/\/alleegalerii.ee\/en\/wp-json\/wp\/v2\/media\/15508"}],"wp:attachment":[{"href":"https:\/\/alleegalerii.ee\/en\/wp-json\/wp\/v2\/media?parent=15506"}],"wp:term":[{"taxonomy":"product_brand","embeddable":true,"href":"https:\/\/alleegalerii.ee\/en\/wp-json\/wp\/v2\/product_brand?post=15506"},{"taxonomy":"product_cat","embeddable":true,"href":"https:\/\/alleegalerii.ee\/en\/wp-json\/wp\/v2\/product_cat?post=15506"},{"taxonomy":"product_tag","embeddable":true,"href":"https:\/\/alleegalerii.ee\/en\/wp-json\/wp\/v2\/product_tag?post=15506"}],"curies":[{"name":"wp","href":"https:\/\/api.w.org\/{rel}","templated":true}]}}