{"id":15495,"date":"2024-03-14T20:13:44","date_gmt":"2024-03-14T18:13:44","guid":{"rendered":"https:\/\/alleegalerii.ee\/?post_type=product&#038;p=15495"},"modified":"2024-03-14T20:22:52","modified_gmt":"2024-03-14T18:22:52","slug":"johannes-uiga-akt-kirjul-foonil-1991","status":"publish","type":"product","link":"https:\/\/alleegalerii.ee\/en\/shop\/johannes-uiga-akt-kirjul-foonil-1991\/","title":{"rendered":"Johannes Uiga &#8220;Akt kirjul foonil&#8221;, 1991"},"content":{"rendered":"","protected":false},"excerpt":{"rendered":"<p>\u00d5li l\u00f5uendil. 1991.<\/p>\n<p>M\u00f5\u00f5dud: 60 x 92 cm.<\/p>\n<p>1937-1940 Aleksander Vardi ateljees \u00f5ppinud Johannes Uiga (1918 \u2013 1998) jaoks kujunes Pallases omandatud lakoonilise vormik\u00e4sitlusega laadist oluline l\u00e4htealus tema loominguks. Akt kui \u00fcks maaliklassika aluseid oli Uiga jaoks heaks v\u00f5imaluseks nende vormiotsingute elluviimiseks, sest siin sai ta \u00fchendada nii kindlaid vormiproportsioone n\u00f5udva inimkeha kujutamise oskused kui vabamad m\u00e4ngud taustaga, mille puhul Uiga armastas sageli kasutada \u00fchetoonilisi suuri pindu.<\/p>\n<p>&nbsp;<\/p>\n<p>&nbsp;<\/p>\n","protected":false},"featured_media":15496,"template":"","meta":{"_acf_changed":false},"product_brand":[],"product_cat":[415,56,59],"product_tag":[60],"class_list":{"0":"post-15495","1":"product","2":"type-product","3":"status-publish","4":"has-post-thumbnail","6":"product_cat-maal","7":"product_cat-olimaal","8":"product_cat-e-pood","9":"product_tag-e-pood","11":"first","12":"instock","13":"shipping-taxable","14":"purchasable","15":"product-type-simple"},"acf":[],"_links":{"self":[{"href":"https:\/\/alleegalerii.ee\/en\/wp-json\/wp\/v2\/product\/15495","targetHints":{"allow":["GET"]}}],"collection":[{"href":"https:\/\/alleegalerii.ee\/en\/wp-json\/wp\/v2\/product"}],"about":[{"href":"https:\/\/alleegalerii.ee\/en\/wp-json\/wp\/v2\/types\/product"}],"wp:featuredmedia":[{"embeddable":true,"href":"https:\/\/alleegalerii.ee\/en\/wp-json\/wp\/v2\/media\/15496"}],"wp:attachment":[{"href":"https:\/\/alleegalerii.ee\/en\/wp-json\/wp\/v2\/media?parent=15495"}],"wp:term":[{"taxonomy":"product_brand","embeddable":true,"href":"https:\/\/alleegalerii.ee\/en\/wp-json\/wp\/v2\/product_brand?post=15495"},{"taxonomy":"product_cat","embeddable":true,"href":"https:\/\/alleegalerii.ee\/en\/wp-json\/wp\/v2\/product_cat?post=15495"},{"taxonomy":"product_tag","embeddable":true,"href":"https:\/\/alleegalerii.ee\/en\/wp-json\/wp\/v2\/product_tag?post=15495"}],"curies":[{"name":"wp","href":"https:\/\/api.w.org\/{rel}","templated":true}]}}