{"id":15493,"date":"2024-03-14T19:58:42","date_gmt":"2024-03-14T17:58:42","guid":{"rendered":"https:\/\/alleegalerii.ee\/?post_type=product&#038;p=15493"},"modified":"2024-03-14T20:03:52","modified_gmt":"2024-03-14T18:03:52","slug":"johannes-uiga-naisakt-1988","status":"publish","type":"product","link":"https:\/\/alleegalerii.ee\/en\/shop\/johannes-uiga-naisakt-1988\/","title":{"rendered":"Johannes Uiga &#8220;Naisakt&#8221;, 1988"},"content":{"rendered":"","protected":false},"excerpt":{"rendered":"<p>\u00d5li l\u00f5uendil. Raamitud.<\/p>\n<p>M\u00f5\u00f5dud: 60 x 86 cm.<\/p>\n<p>All vasakul: J. Uiga 88 a.<\/p>\n<p>Tartus s\u00fcndinud Johannes Uiga (1918-1998) oli eelk\u00f5ige tuntud oma aktide, L\u00f5una-Eesti maastike ja vaikelude poolest. Uiga loomingule avaldas suurt m\u00f5ju tema \u00f5petaja Aleksander Vardi, kelle maaliateljees ta oma 1930ndate teisel poolel \u00f5ppis. K\u00e4esoleva maali valmimise aastal, 1988, tunnustati kunsti\u00fchingu \u201cPallas\u201d auliiget Uigat Konrad M\u00e4e medaliga.<\/p>\n","protected":false},"featured_media":15494,"template":"","meta":{"_acf_changed":false},"product_brand":[],"product_cat":[415,56,59],"product_tag":[60],"class_list":{"0":"post-15493","1":"product","2":"type-product","3":"status-publish","4":"has-post-thumbnail","6":"product_cat-maal","7":"product_cat-olimaal","8":"product_cat-e-pood","9":"product_tag-e-pood","11":"first","12":"instock","13":"sold-individually","14":"shipping-taxable","15":"purchasable","16":"product-type-simple"},"acf":[],"_links":{"self":[{"href":"https:\/\/alleegalerii.ee\/en\/wp-json\/wp\/v2\/product\/15493","targetHints":{"allow":["GET"]}}],"collection":[{"href":"https:\/\/alleegalerii.ee\/en\/wp-json\/wp\/v2\/product"}],"about":[{"href":"https:\/\/alleegalerii.ee\/en\/wp-json\/wp\/v2\/types\/product"}],"wp:featuredmedia":[{"embeddable":true,"href":"https:\/\/alleegalerii.ee\/en\/wp-json\/wp\/v2\/media\/15494"}],"wp:attachment":[{"href":"https:\/\/alleegalerii.ee\/en\/wp-json\/wp\/v2\/media?parent=15493"}],"wp:term":[{"taxonomy":"product_brand","embeddable":true,"href":"https:\/\/alleegalerii.ee\/en\/wp-json\/wp\/v2\/product_brand?post=15493"},{"taxonomy":"product_cat","embeddable":true,"href":"https:\/\/alleegalerii.ee\/en\/wp-json\/wp\/v2\/product_cat?post=15493"},{"taxonomy":"product_tag","embeddable":true,"href":"https:\/\/alleegalerii.ee\/en\/wp-json\/wp\/v2\/product_tag?post=15493"}],"curies":[{"name":"wp","href":"https:\/\/api.w.org\/{rel}","templated":true}]}}