{"id":15490,"date":"2024-03-18T10:11:40","date_gmt":"2024-03-18T08:11:40","guid":{"rendered":"https:\/\/alleegalerii.ee\/?post_type=product&#038;p=15490"},"modified":"2024-12-03T15:59:56","modified_gmt":"2024-12-03T13:59:56","slug":"richard-kaljo","status":"publish","type":"product","link":"https:\/\/alleegalerii.ee\/en\/shop\/richard-kaljo\/","title":{"rendered":"Richard Kaljo &#8220;Meesterahva kehaehitus ja suguelu&#8221;"},"content":{"rendered":"","protected":false},"excerpt":{"rendered":"<p>Linooll\u00f5ige paberil.<\/p>\n<p>M\u00f5\u00f5dud: km 29,8 x 20,5 cm, lm 35,5 x 27 cm.<\/p>\n<p>Teose \u00fcleval \u00e4\u00e4res: h\u00e4sti Wix raamat T\u00e4naP\u00c4EWANI ilmumata<br \/>\nTeose all \u00e4\u00e4res: RKaljo MEESTERAHVA KehaEHITUS JA SUGUELU<\/p>\n<p>M\u00fc\u00fcgil lehe kujul, soovi korral saame aidata raami valikul ja vormistamisel.<\/p>\n","protected":false},"featured_media":15492,"template":"","meta":{"_acf_changed":false},"product_brand":[],"product_cat":[61,59],"product_tag":[60],"class_list":{"0":"post-15490","1":"product","2":"type-product","3":"status-publish","4":"has-post-thumbnail","6":"product_cat-graafika","7":"product_cat-e-pood","8":"product_tag-e-pood","10":"first","11":"outofstock","12":"sold-individually","13":"shipping-taxable","14":"purchasable","15":"product-type-simple"},"acf":[],"_links":{"self":[{"href":"https:\/\/alleegalerii.ee\/en\/wp-json\/wp\/v2\/product\/15490","targetHints":{"allow":["GET"]}}],"collection":[{"href":"https:\/\/alleegalerii.ee\/en\/wp-json\/wp\/v2\/product"}],"about":[{"href":"https:\/\/alleegalerii.ee\/en\/wp-json\/wp\/v2\/types\/product"}],"wp:featuredmedia":[{"embeddable":true,"href":"https:\/\/alleegalerii.ee\/en\/wp-json\/wp\/v2\/media\/15492"}],"wp:attachment":[{"href":"https:\/\/alleegalerii.ee\/en\/wp-json\/wp\/v2\/media?parent=15490"}],"wp:term":[{"taxonomy":"product_brand","embeddable":true,"href":"https:\/\/alleegalerii.ee\/en\/wp-json\/wp\/v2\/product_brand?post=15490"},{"taxonomy":"product_cat","embeddable":true,"href":"https:\/\/alleegalerii.ee\/en\/wp-json\/wp\/v2\/product_cat?post=15490"},{"taxonomy":"product_tag","embeddable":true,"href":"https:\/\/alleegalerii.ee\/en\/wp-json\/wp\/v2\/product_tag?post=15490"}],"curies":[{"name":"wp","href":"https:\/\/api.w.org\/{rel}","templated":true}]}}