{"id":15482,"date":"2024-03-13T15:53:24","date_gmt":"2024-03-13T13:53:24","guid":{"rendered":"https:\/\/alleegalerii.ee\/?post_type=product&#038;p=15482"},"modified":"2024-03-20T17:43:42","modified_gmt":"2024-03-20T15:43:42","slug":"mare-vint-metsluiged-1978","status":"publish","type":"product","link":"https:\/\/alleegalerii.ee\/en\/shop\/mare-vint-metsluiged-1978\/","title":{"rendered":"Mare Vint &#8220;Metsluiged&#8221;, 1978"},"content":{"rendered":"","protected":false},"excerpt":{"rendered":"<p>Litograafia paberil. Raamitud.<\/p>\n<p>M\u00f5\u00f5dud: plm 56 x 17 cm, raamiga 62,5 x 60,5 cm.<\/p>\n<p>All vasakul: &#8220;Metsluiged&#8221; lito 15\/30<br \/>\nAll paremal: MVint &#8217;78<\/p>\n<p><span style=\"font-weight: 400;\">Mare Vindi poeetiline k\u00e4ekiri v\u00f5lub oma peene joone ning minimalistliku esteetikaga. Tema oskus n\u00e4ha ilu ja harmooniat argistes objektides nagu pargid, metsatukad v\u00f5i hooned, m\u00e4rgata nende esteetilist vormi ja individuaalset s\u00e4ra on toonud eesti kunstiv\u00e4ljale \u00f5rnad ideaalmaastikud, mida k\u00e4esolevas t\u00f6\u00f6s ilmestavad majesteetlikud luiged.<\/span><\/p>\n<p>&nbsp;<\/p>\n","protected":false},"featured_media":15485,"template":"","meta":{"_acf_changed":false},"product_brand":[],"product_cat":[61,59],"product_tag":[60],"class_list":{"0":"post-15482","1":"product","2":"type-product","3":"status-publish","4":"has-post-thumbnail","6":"product_cat-graafika","7":"product_cat-e-pood","8":"product_tag-e-pood","10":"first","11":"outofstock","12":"sold-individually","13":"shipping-taxable","14":"purchasable","15":"product-type-simple"},"acf":[],"_links":{"self":[{"href":"https:\/\/alleegalerii.ee\/en\/wp-json\/wp\/v2\/product\/15482","targetHints":{"allow":["GET"]}}],"collection":[{"href":"https:\/\/alleegalerii.ee\/en\/wp-json\/wp\/v2\/product"}],"about":[{"href":"https:\/\/alleegalerii.ee\/en\/wp-json\/wp\/v2\/types\/product"}],"wp:featuredmedia":[{"embeddable":true,"href":"https:\/\/alleegalerii.ee\/en\/wp-json\/wp\/v2\/media\/15485"}],"wp:attachment":[{"href":"https:\/\/alleegalerii.ee\/en\/wp-json\/wp\/v2\/media?parent=15482"}],"wp:term":[{"taxonomy":"product_brand","embeddable":true,"href":"https:\/\/alleegalerii.ee\/en\/wp-json\/wp\/v2\/product_brand?post=15482"},{"taxonomy":"product_cat","embeddable":true,"href":"https:\/\/alleegalerii.ee\/en\/wp-json\/wp\/v2\/product_cat?post=15482"},{"taxonomy":"product_tag","embeddable":true,"href":"https:\/\/alleegalerii.ee\/en\/wp-json\/wp\/v2\/product_tag?post=15482"}],"curies":[{"name":"wp","href":"https:\/\/api.w.org\/{rel}","templated":true}]}}