{"id":15478,"date":"2024-03-22T08:59:05","date_gmt":"2024-03-22T06:59:05","guid":{"rendered":"https:\/\/alleegalerii.ee\/?post_type=product&#038;p=15478"},"modified":"2024-05-04T00:09:13","modified_gmt":"2024-05-03T21:09:13","slug":"mare-vint-linnupesa-1973","status":"publish","type":"product","link":"https:\/\/alleegalerii.ee\/en\/shop\/mare-vint-linnupesa-1973\/","title":{"rendered":"Mare Vint \u201cLinnupesa\u201d, 1973"},"content":{"rendered":"","protected":false},"excerpt":{"rendered":"<p>Litograafia paberil. Raamitud.<\/p>\n<p>M\u00f5\u00f5dud: plm 28,5 x 28 cm, raamiga 62 x 60 cm.<\/p>\n<p>All vasakul: &#8220;Linnupesa&#8221;, lito<br \/>\nAll paremal: MVint &#8217;73<\/p>\n<p>Muna kui elu alguse s\u00fcmbol on koos seda \u00fcmbritseva kaitsva pesaga Mare Vindi teose keskne element. P\u00f5nev on j\u00e4lgida h\u00f5redamalt ja laiema joonega vormistatud okste kontrasti filigraanse, udupeene pesamaterjaliga, mis kaugemalt vaadates tundub kui samet, l\u00e4hedalt aga justkui maavillasest l\u00f5ngast kootud m\u00fcts. Vindile omaselt n\u00e4eme teose \u00fclemises osas selget puhast pinda ning kutsuvat, igatsuslikku silmapiiri.<\/p>\n","protected":false},"featured_media":15479,"template":"","meta":{"_acf_changed":false},"product_brand":[],"product_cat":[61,57,59],"product_tag":[60],"class_list":{"0":"post-15478","1":"product","2":"type-product","3":"status-publish","4":"has-post-thumbnail","6":"product_cat-graafika","7":"product_cat-muudud","8":"product_cat-e-pood","9":"product_tag-e-pood","11":"first","12":"outofstock","13":"sold-individually","14":"shipping-taxable","15":"purchasable","16":"product-type-simple"},"acf":[],"_links":{"self":[{"href":"https:\/\/alleegalerii.ee\/en\/wp-json\/wp\/v2\/product\/15478","targetHints":{"allow":["GET"]}}],"collection":[{"href":"https:\/\/alleegalerii.ee\/en\/wp-json\/wp\/v2\/product"}],"about":[{"href":"https:\/\/alleegalerii.ee\/en\/wp-json\/wp\/v2\/types\/product"}],"wp:featuredmedia":[{"embeddable":true,"href":"https:\/\/alleegalerii.ee\/en\/wp-json\/wp\/v2\/media\/15479"}],"wp:attachment":[{"href":"https:\/\/alleegalerii.ee\/en\/wp-json\/wp\/v2\/media?parent=15478"}],"wp:term":[{"taxonomy":"product_brand","embeddable":true,"href":"https:\/\/alleegalerii.ee\/en\/wp-json\/wp\/v2\/product_brand?post=15478"},{"taxonomy":"product_cat","embeddable":true,"href":"https:\/\/alleegalerii.ee\/en\/wp-json\/wp\/v2\/product_cat?post=15478"},{"taxonomy":"product_tag","embeddable":true,"href":"https:\/\/alleegalerii.ee\/en\/wp-json\/wp\/v2\/product_tag?post=15478"}],"curies":[{"name":"wp","href":"https:\/\/api.w.org\/{rel}","templated":true}]}}