{"id":15453,"date":"2024-03-05T13:00:06","date_gmt":"2024-03-05T11:00:06","guid":{"rendered":"https:\/\/alleegalerii.ee\/?post_type=product&#038;p=15453"},"modified":"2026-01-14T17:21:49","modified_gmt":"2026-01-14T15:21:49","slug":"abel-lee-pidu-1963","status":"publish","type":"product","link":"https:\/\/alleegalerii.ee\/en\/shop\/abel-lee-pidu-1963\/","title":{"rendered":"Abel Lee &#8220;Pidu&#8221;, 1963"},"content":{"rendered":"","protected":false},"excerpt":{"rendered":"<p>M\u00dc\u00dcDUD.<\/p>\n<p>Segatehnika paberil. Raamitud.<\/p>\n<p>M\u00f5\u00f5dud: ava 67,5 x 51 cm, raamiga 79 x 61,5 cm.<\/p>\n<p>All paremal: Abel Lee 1963<\/p>\n<p>Legendaarse G\u00fcnther Reindorffi k\u00e4e all kunstihariduse saanud Abel Lee (1918-2010) emigreerus hiljem Kanadasse ning sai seet\u00f5ttu oma kunstis edasi anda vaba maailma emotsioone. &#8220;Pidu&#8221; on t\u00f5eline v\u00e4rvide pillerkaar.<\/p>\n","protected":false},"featured_media":15454,"template":"","meta":{"_acf_changed":false},"product_brand":[],"product_cat":[415,57,59,93],"product_tag":[60],"class_list":{"0":"post-15453","1":"product","2":"type-product","3":"status-publish","4":"has-post-thumbnail","6":"product_cat-maal","7":"product_cat-muudud","8":"product_cat-e-pood","9":"product_cat-segatehnika","10":"product_tag-e-pood","12":"first","13":"outofstock","14":"sold-individually","15":"shipping-taxable","16":"purchasable","17":"product-type-simple"},"acf":[],"_links":{"self":[{"href":"https:\/\/alleegalerii.ee\/en\/wp-json\/wp\/v2\/product\/15453","targetHints":{"allow":["GET"]}}],"collection":[{"href":"https:\/\/alleegalerii.ee\/en\/wp-json\/wp\/v2\/product"}],"about":[{"href":"https:\/\/alleegalerii.ee\/en\/wp-json\/wp\/v2\/types\/product"}],"wp:featuredmedia":[{"embeddable":true,"href":"https:\/\/alleegalerii.ee\/en\/wp-json\/wp\/v2\/media\/15454"}],"wp:attachment":[{"href":"https:\/\/alleegalerii.ee\/en\/wp-json\/wp\/v2\/media?parent=15453"}],"wp:term":[{"taxonomy":"product_brand","embeddable":true,"href":"https:\/\/alleegalerii.ee\/en\/wp-json\/wp\/v2\/product_brand?post=15453"},{"taxonomy":"product_cat","embeddable":true,"href":"https:\/\/alleegalerii.ee\/en\/wp-json\/wp\/v2\/product_cat?post=15453"},{"taxonomy":"product_tag","embeddable":true,"href":"https:\/\/alleegalerii.ee\/en\/wp-json\/wp\/v2\/product_tag?post=15453"}],"curies":[{"name":"wp","href":"https:\/\/api.w.org\/{rel}","templated":true}]}}