{"id":15451,"date":"2024-02-29T16:05:23","date_gmt":"2024-02-29T14:05:23","guid":{"rendered":"https:\/\/alleegalerii.ee\/?post_type=product&#038;p=15451"},"modified":"2025-01-23T14:02:21","modified_gmt":"2025-01-23T12:02:21","slug":"saabumas-andres-tolts-vaikesed-maastikud-xi-1992","status":"publish","type":"product","link":"https:\/\/alleegalerii.ee\/en\/shop\/saabumas-andres-tolts-vaikesed-maastikud-xi-1992\/","title":{"rendered":"Andres Tolts \u201cV\u00e4ikesed maastikud XI\u201d, 1992"},"content":{"rendered":"","protected":false},"excerpt":{"rendered":"<p>Akr\u00fc\u00fcl l\u00f5uendil.<\/p>\n<p>M\u00f5\u00f5dud: 35 x 50 cm.<\/p>\n<p>Ees teosel: Tolts 92.<br \/>\nP\u00f6\u00f6rdel: Andres Tolts V\u00e4ikesed maastikud XI akr\u00fc\u00fcl\/l\u00f5uend 1992 35 x 50 J\u00f5uludeks. 1996 Andres Tolts<\/p>\n<p><span style=\"font-weight: 400;\">Legendaarse kunstir\u00fchmituse SOUP\u00b469 \u00fcks asutajaliikmeid, Andres Tolts (1949-2014) oli kontseptuaalse kunsti siinseid juhtfiguure. Argielulisi objekte oma kunsti tuues pani ta vaataja unustama nende praktilist t\u00e4hendust ja n\u00e4gema nende visuaalset v\u00e4\u00e4rtust.\u00a0<\/span><\/p>\n","protected":false},"featured_media":15452,"template":"","meta":{"_acf_changed":false},"product_brand":[],"product_cat":[415,59,96],"product_tag":[60],"class_list":{"0":"post-15451","1":"product","2":"type-product","3":"status-publish","4":"has-post-thumbnail","6":"product_cat-maal","7":"product_cat-e-pood","8":"product_cat-akruul","9":"product_tag-e-pood","11":"first","12":"outofstock","13":"sold-individually","14":"shipping-taxable","15":"purchasable","16":"product-type-simple"},"acf":[],"_links":{"self":[{"href":"https:\/\/alleegalerii.ee\/en\/wp-json\/wp\/v2\/product\/15451","targetHints":{"allow":["GET"]}}],"collection":[{"href":"https:\/\/alleegalerii.ee\/en\/wp-json\/wp\/v2\/product"}],"about":[{"href":"https:\/\/alleegalerii.ee\/en\/wp-json\/wp\/v2\/types\/product"}],"wp:featuredmedia":[{"embeddable":true,"href":"https:\/\/alleegalerii.ee\/en\/wp-json\/wp\/v2\/media\/15452"}],"wp:attachment":[{"href":"https:\/\/alleegalerii.ee\/en\/wp-json\/wp\/v2\/media?parent=15451"}],"wp:term":[{"taxonomy":"product_brand","embeddable":true,"href":"https:\/\/alleegalerii.ee\/en\/wp-json\/wp\/v2\/product_brand?post=15451"},{"taxonomy":"product_cat","embeddable":true,"href":"https:\/\/alleegalerii.ee\/en\/wp-json\/wp\/v2\/product_cat?post=15451"},{"taxonomy":"product_tag","embeddable":true,"href":"https:\/\/alleegalerii.ee\/en\/wp-json\/wp\/v2\/product_tag?post=15451"}],"curies":[{"name":"wp","href":"https:\/\/api.w.org\/{rel}","templated":true}]}}