{"id":15444,"date":"2024-02-27T15:43:18","date_gmt":"2024-02-27T13:43:18","guid":{"rendered":"https:\/\/alleegalerii.ee\/?post_type=product&#038;p=15444"},"modified":"2024-03-22T10:15:03","modified_gmt":"2024-03-22T08:15:03","slug":"ilon-wikland-unedemaa","status":"publish","type":"product","link":"https:\/\/alleegalerii.ee\/en\/shop\/ilon-wikland-unedemaa\/","title":{"rendered":"Ilon Wikland \u201cUnedemaa\u201d"},"content":{"rendered":"","protected":false},"excerpt":{"rendered":"<p>V\u00e4rviline litograafia paberil. Raamitud.<\/p>\n<p>M\u00f5\u00f5dud: plm 39 x 49 cm,55 x 62 cm. raamiga<\/p>\n<p>All vasakul: 73\/360<br \/>\nAll paremal: Ilon Wikland<\/p>\n<p>Ilon Wikland (s 1930) on eesti p\u00e4ritolu kunstnik, kes on eelk\u00f5ige tuntud kui Astrid Lindgreni raamatute illustreerija. Lapsep\u00f5lve veetis ta Haapsalus, kuid 1940. aastatel emigreerus Rootsi.<\/p>\n<p>Tema fantaasiak\u00fcllased t\u00f6\u00f6d kiirgavad positiivsust ja ergutavad unistama, nii ka k\u00e4esolev teos.<\/p>\n","protected":false},"featured_media":15445,"template":"","meta":{"_acf_changed":false},"product_brand":[],"product_cat":[61,57,59],"product_tag":[60],"class_list":{"0":"post-15444","1":"product","2":"type-product","3":"status-publish","4":"has-post-thumbnail","6":"product_cat-graafika","7":"product_cat-muudud","8":"product_cat-e-pood","9":"product_tag-e-pood","11":"first","12":"outofstock","13":"shipping-taxable","14":"purchasable","15":"product-type-simple"},"acf":[],"_links":{"self":[{"href":"https:\/\/alleegalerii.ee\/en\/wp-json\/wp\/v2\/product\/15444","targetHints":{"allow":["GET"]}}],"collection":[{"href":"https:\/\/alleegalerii.ee\/en\/wp-json\/wp\/v2\/product"}],"about":[{"href":"https:\/\/alleegalerii.ee\/en\/wp-json\/wp\/v2\/types\/product"}],"wp:featuredmedia":[{"embeddable":true,"href":"https:\/\/alleegalerii.ee\/en\/wp-json\/wp\/v2\/media\/15445"}],"wp:attachment":[{"href":"https:\/\/alleegalerii.ee\/en\/wp-json\/wp\/v2\/media?parent=15444"}],"wp:term":[{"taxonomy":"product_brand","embeddable":true,"href":"https:\/\/alleegalerii.ee\/en\/wp-json\/wp\/v2\/product_brand?post=15444"},{"taxonomy":"product_cat","embeddable":true,"href":"https:\/\/alleegalerii.ee\/en\/wp-json\/wp\/v2\/product_cat?post=15444"},{"taxonomy":"product_tag","embeddable":true,"href":"https:\/\/alleegalerii.ee\/en\/wp-json\/wp\/v2\/product_tag?post=15444"}],"curies":[{"name":"wp","href":"https:\/\/api.w.org\/{rel}","templated":true}]}}