{"id":15441,"date":"2024-02-27T15:41:43","date_gmt":"2024-02-27T13:41:43","guid":{"rendered":"https:\/\/alleegalerii.ee\/?post_type=product&#038;p=15441"},"modified":"2025-01-23T14:20:34","modified_gmt":"2025-01-23T12:20:34","slug":"marju-bormeister-paabulind","status":"publish","type":"product","link":"https:\/\/alleegalerii.ee\/en\/shop\/marju-bormeister-paabulind\/","title":{"rendered":"Marju Bormeister &#8220;Paabulind&#8221;"},"content":{"rendered":"","protected":false},"excerpt":{"rendered":"<p>\u00d5li l\u00f5uendil. Raamitud.<\/p>\n<p>M\u00f5\u00f5dud: 89 x 38 cm, raamiga 97 x 46 cm.<\/p>\n<p>P\u00f6\u00f6rdel: M Bormeister<\/p>\n<p><span style=\"font-weight: 400;\">Marju Bormeister (s. 1945) sai juba geenidega kaasa kunstiande. 1985. aastal ERKI maalikunstniku ja pedagoogina l\u00f5petanud Bormeister armastab oma loomingus kasutada motiive loodusest, lisaks maastike kujutamisele ka k\u00f5nekaid s\u00fcmboleid, n\u00e4iteks kala v\u00f5i kukk.\u00a0<\/span><\/p>\n<p><span style=\"font-weight: 400;\">K\u00e4esoleva teose peategelaseks on majesteetlik paabulind. V\u00e4rvikirev lind, kelle roheline ja sinine on siiski omavahel harmooniliselt tasakaalus, r\u00f5hutades tema elegantsust ja maitsekust. Miskit pole \u00fcleliia, ent ometi j\u00e4\u00e4vad k\u00f5rvalseisjad alati teda n\u00e4hes seisma ning imetlema.<\/span><\/p>\n","protected":false},"featured_media":15442,"template":"","meta":{"_acf_changed":false},"product_brand":[],"product_cat":[415,56,59],"product_tag":[60],"class_list":{"0":"post-15441","1":"product","2":"type-product","3":"status-publish","4":"has-post-thumbnail","6":"product_cat-maal","7":"product_cat-olimaal","8":"product_cat-e-pood","9":"product_tag-e-pood","11":"first","12":"outofstock","13":"sold-individually","14":"shipping-taxable","15":"purchasable","16":"product-type-simple"},"acf":[],"_links":{"self":[{"href":"https:\/\/alleegalerii.ee\/en\/wp-json\/wp\/v2\/product\/15441","targetHints":{"allow":["GET"]}}],"collection":[{"href":"https:\/\/alleegalerii.ee\/en\/wp-json\/wp\/v2\/product"}],"about":[{"href":"https:\/\/alleegalerii.ee\/en\/wp-json\/wp\/v2\/types\/product"}],"wp:featuredmedia":[{"embeddable":true,"href":"https:\/\/alleegalerii.ee\/en\/wp-json\/wp\/v2\/media\/15442"}],"wp:attachment":[{"href":"https:\/\/alleegalerii.ee\/en\/wp-json\/wp\/v2\/media?parent=15441"}],"wp:term":[{"taxonomy":"product_brand","embeddable":true,"href":"https:\/\/alleegalerii.ee\/en\/wp-json\/wp\/v2\/product_brand?post=15441"},{"taxonomy":"product_cat","embeddable":true,"href":"https:\/\/alleegalerii.ee\/en\/wp-json\/wp\/v2\/product_cat?post=15441"},{"taxonomy":"product_tag","embeddable":true,"href":"https:\/\/alleegalerii.ee\/en\/wp-json\/wp\/v2\/product_tag?post=15441"}],"curies":[{"name":"wp","href":"https:\/\/api.w.org\/{rel}","templated":true}]}}