{"id":15412,"date":"2024-02-23T14:37:39","date_gmt":"2024-02-23T12:37:39","guid":{"rendered":"https:\/\/alleegalerii.ee\/?post_type=product&#038;p=15412"},"modified":"2024-03-22T22:44:28","modified_gmt":"2024-03-22T20:44:28","slug":"mauri-gross-kirsiaed-2023","status":"publish","type":"product","link":"https:\/\/alleegalerii.ee\/en\/shop\/mauri-gross-kirsiaed-2023\/","title":{"rendered":"Mauri Gross &#8220;Kirsiaed&#8221;, 2023"},"content":{"rendered":"","protected":false},"excerpt":{"rendered":"<p>\u00d5li l\u00f5uendil. Raamitud.<\/p>\n<p>M\u00f5\u00f5dud: 88 x 88 cm.<\/p>\n<p>P\u00f6\u00f6rdel: MAURI GROSS \u00d5LI L\u00d5UEND 88 x 88 2023 &#8220;KIRSIAED&#8221;<\/p>\n<p>Mauri Grossi isikun\u00e4itusel &#8220;P \u00d5 L E V P \u00d5 \u00d5 S A S&#8221; eksponeeritud teos &#8220;Kirsiaed&#8221; kannab endas esmapilgul s\u00f5numit looduse viljakusest, mitmekesisusest ja eluj\u00f5ust. Ent ometigi ei ole see pelgalt looduse ilu edastus, Gross l\u00e4heb oma loomingus tunduvalt s\u00fcgavamale, piilub v\u00e4rskelt t\u00e4rkavate, t\u00e4is\u00f5ies ning juba h\u00e4\u00e4buvate taimede tagaruumidesse.<\/p>\n<p>K\u00e4esoleva teose tihedat k\u00f5rtemerd ilmestavad mahlakad kirsimarjad, mis on &#8211; justkui unen\u00e4os &#8211; keset puult kukkumist seisma j\u00e4\u00e4nud.<\/p>\n","protected":false},"featured_media":15413,"template":"","meta":{"_acf_changed":false},"product_brand":[],"product_cat":[415,56,57,59],"product_tag":[60],"class_list":{"0":"post-15412","1":"product","2":"type-product","3":"status-publish","4":"has-post-thumbnail","6":"product_cat-maal","7":"product_cat-olimaal","8":"product_cat-muudud","9":"product_cat-e-pood","10":"product_tag-e-pood","12":"first","13":"outofstock","14":"shipping-taxable","15":"purchasable","16":"product-type-simple"},"acf":[],"_links":{"self":[{"href":"https:\/\/alleegalerii.ee\/en\/wp-json\/wp\/v2\/product\/15412","targetHints":{"allow":["GET"]}}],"collection":[{"href":"https:\/\/alleegalerii.ee\/en\/wp-json\/wp\/v2\/product"}],"about":[{"href":"https:\/\/alleegalerii.ee\/en\/wp-json\/wp\/v2\/types\/product"}],"wp:featuredmedia":[{"embeddable":true,"href":"https:\/\/alleegalerii.ee\/en\/wp-json\/wp\/v2\/media\/15413"}],"wp:attachment":[{"href":"https:\/\/alleegalerii.ee\/en\/wp-json\/wp\/v2\/media?parent=15412"}],"wp:term":[{"taxonomy":"product_brand","embeddable":true,"href":"https:\/\/alleegalerii.ee\/en\/wp-json\/wp\/v2\/product_brand?post=15412"},{"taxonomy":"product_cat","embeddable":true,"href":"https:\/\/alleegalerii.ee\/en\/wp-json\/wp\/v2\/product_cat?post=15412"},{"taxonomy":"product_tag","embeddable":true,"href":"https:\/\/alleegalerii.ee\/en\/wp-json\/wp\/v2\/product_tag?post=15412"}],"curies":[{"name":"wp","href":"https:\/\/api.w.org\/{rel}","templated":true}]}}