{"id":15410,"date":"2024-02-23T14:34:20","date_gmt":"2024-02-23T12:34:20","guid":{"rendered":"https:\/\/alleegalerii.ee\/?post_type=product&#038;p=15410"},"modified":"2024-03-07T16:53:57","modified_gmt":"2024-03-07T14:53:57","slug":"mauri-gross-algus-2023-2024","status":"publish","type":"product","link":"https:\/\/alleegalerii.ee\/en\/shop\/mauri-gross-algus-2023-2024\/","title":{"rendered":"Mauri Gross &#8220;Algus&#8221;, 2023\/2024"},"content":{"rendered":"","protected":false},"excerpt":{"rendered":"<p>\u00d5li l\u00f5uendil. Raamitud.<\/p>\n<p>M\u00f5\u00f5dud: 125 x 125 cm.<\/p>\n<p>P\u00f6\u00f6rdel: MAURI GROSS \u00d5LI L\u00d5UEND 125 x 125 2023\/24 &#8220;ALGUS&#8221;<\/p>\n<p>Mauri Grossi isikun\u00e4itusel &#8220;P \u00d5 L E V P \u00d5 \u00d5 S A S&#8221; eksponeeritud teos &#8220;Algus&#8221; s\u00fcmboliseerib looduse viljakust, mitmekesisust ja eluj\u00f5udu. Tihedat k\u00f5rtemerd ilmestavad s\u00e4ravad roosakad \u00f5ied on aga vaid pealiskiht &#8211; t\u00f5eline tegevus toimub taimetihniku tagumisel plaanil. Kas julged eesriide t\u00f5sta?<\/p>\n<p>&nbsp;<\/p>\n","protected":false},"featured_media":15411,"template":"","meta":{"_acf_changed":false},"product_brand":[],"product_cat":[415,56,57,59],"product_tag":[60],"class_list":{"0":"post-15410","1":"product","2":"type-product","3":"status-publish","4":"has-post-thumbnail","6":"product_cat-maal","7":"product_cat-olimaal","8":"product_cat-muudud","9":"product_cat-e-pood","10":"product_tag-e-pood","12":"first","13":"outofstock","14":"shipping-taxable","15":"purchasable","16":"product-type-simple"},"acf":[],"_links":{"self":[{"href":"https:\/\/alleegalerii.ee\/en\/wp-json\/wp\/v2\/product\/15410","targetHints":{"allow":["GET"]}}],"collection":[{"href":"https:\/\/alleegalerii.ee\/en\/wp-json\/wp\/v2\/product"}],"about":[{"href":"https:\/\/alleegalerii.ee\/en\/wp-json\/wp\/v2\/types\/product"}],"wp:featuredmedia":[{"embeddable":true,"href":"https:\/\/alleegalerii.ee\/en\/wp-json\/wp\/v2\/media\/15411"}],"wp:attachment":[{"href":"https:\/\/alleegalerii.ee\/en\/wp-json\/wp\/v2\/media?parent=15410"}],"wp:term":[{"taxonomy":"product_brand","embeddable":true,"href":"https:\/\/alleegalerii.ee\/en\/wp-json\/wp\/v2\/product_brand?post=15410"},{"taxonomy":"product_cat","embeddable":true,"href":"https:\/\/alleegalerii.ee\/en\/wp-json\/wp\/v2\/product_cat?post=15410"},{"taxonomy":"product_tag","embeddable":true,"href":"https:\/\/alleegalerii.ee\/en\/wp-json\/wp\/v2\/product_tag?post=15410"}],"curies":[{"name":"wp","href":"https:\/\/api.w.org\/{rel}","templated":true}]}}