{"id":15407,"date":"2024-02-23T14:29:52","date_gmt":"2024-02-23T12:29:52","guid":{"rendered":"https:\/\/alleegalerii.ee\/?post_type=product&#038;p=15407"},"modified":"2026-01-16T17:01:09","modified_gmt":"2026-01-16T15:01:09","slug":"mauri-gross-kell-7-2023","status":"publish","type":"product","link":"https:\/\/alleegalerii.ee\/en\/shop\/mauri-gross-kell-7-2023\/","title":{"rendered":"Mauri Gross &#8220;Kell 7&#8221;, 2023"},"content":{"rendered":"","protected":false},"excerpt":{"rendered":"<p>\u00d5li l\u00f5uendil. Raamitud.<\/p>\n<p>M\u00f5\u00f5dud: 91 x 77 cm.<\/p>\n<p>P\u00f6\u00f6rdel: MAURI GROSS \u00d5LI L\u00d5UEND 91 x 77 2023 &#8220;KELL 7&#8221;<\/p>\n<p>Mauri Gross on vabakutseline kunstnik, kes on l\u00f5petanud Tartu Kunstikooli ja Eesti Kunstiakadeemia.<br \/>\nAlates 2013 on ta Eesti Kunstnike Liidu liige ja alates 2015 Maalikunstnike Liidu liige. Gross on n\u00e4itustel\u00a0osalenud alates aastast 1991, sealhulgas viimasel viiel aastal osalenud rohkem kui 20 n\u00e4itusel.<\/p>\n","protected":false},"featured_media":15408,"template":"","meta":{"_acf_changed":false},"product_brand":[],"product_cat":[415,56,59],"product_tag":[60],"class_list":{"0":"post-15407","1":"product","2":"type-product","3":"status-publish","4":"has-post-thumbnail","6":"product_cat-maal","7":"product_cat-olimaal","8":"product_cat-e-pood","9":"product_tag-e-pood","11":"first","12":"instock","13":"shipping-taxable","14":"purchasable","15":"product-type-simple"},"acf":[],"_links":{"self":[{"href":"https:\/\/alleegalerii.ee\/en\/wp-json\/wp\/v2\/product\/15407","targetHints":{"allow":["GET"]}}],"collection":[{"href":"https:\/\/alleegalerii.ee\/en\/wp-json\/wp\/v2\/product"}],"about":[{"href":"https:\/\/alleegalerii.ee\/en\/wp-json\/wp\/v2\/types\/product"}],"wp:featuredmedia":[{"embeddable":true,"href":"https:\/\/alleegalerii.ee\/en\/wp-json\/wp\/v2\/media\/15408"}],"wp:attachment":[{"href":"https:\/\/alleegalerii.ee\/en\/wp-json\/wp\/v2\/media?parent=15407"}],"wp:term":[{"taxonomy":"product_brand","embeddable":true,"href":"https:\/\/alleegalerii.ee\/en\/wp-json\/wp\/v2\/product_brand?post=15407"},{"taxonomy":"product_cat","embeddable":true,"href":"https:\/\/alleegalerii.ee\/en\/wp-json\/wp\/v2\/product_cat?post=15407"},{"taxonomy":"product_tag","embeddable":true,"href":"https:\/\/alleegalerii.ee\/en\/wp-json\/wp\/v2\/product_tag?post=15407"}],"curies":[{"name":"wp","href":"https:\/\/api.w.org\/{rel}","templated":true}]}}