{"id":15404,"date":"2024-02-23T14:00:52","date_gmt":"2024-02-23T12:00:52","guid":{"rendered":"https:\/\/alleegalerii.ee\/?post_type=product&#038;p=15404"},"modified":"2024-03-07T15:38:05","modified_gmt":"2024-03-07T13:38:05","slug":"bron-mauri-gross-vaike-ideaalmaastik-2-2023","status":"publish","type":"product","link":"https:\/\/alleegalerii.ee\/en\/shop\/bron-mauri-gross-vaike-ideaalmaastik-2-2023\/","title":{"rendered":"Mauri Gross &#8220;V\u00e4ike ideaalmaastik 2&#8221;, 2023"},"content":{"rendered":"","protected":false},"excerpt":{"rendered":"<p>\u00d5li puidul. Raamitud.<\/p>\n<p>M\u00f5\u00f5dud: 20 x 23 cm.<\/p>\n<p>P\u00f6\u00f6rdel: MAURI GROSS \u00d5LI PUIDUL 20 x 23 2023 &#8220;V\u00c4IKE IDEAALMAASTIK 2&#8221;<\/p>\n<p>Mauri Gross (s 1969) on erandlikumaid eesti maalijaid \u2013 seda nii tehnilise virtuoossuse kui ka floraalse teema t\u00f5ttu.<\/p>\n<p>Grossi isikun\u00e4itusel \u201cP \u00d5 L E V P \u00d5 \u00d5 S A S\u201d eksponeeritud teos &#8220;V\u00e4ike ideaalmaastik 2&#8221; on tema \u00fche signatuurmotiivi, kirsimarja suurep\u00e4raseid n\u00e4iteid. V\u00e4iksel pinnal loob Gross eraldiseisva, perfektse maailma, kus k\u00f5ik on liikumises ja ometigi kindlalt piiritletud s\u00fcsteemis &#8211; nii muutub kunstnik justkui lavastajaks, kes toob vaataja ette erakordselt p\u00f5neva etenduse.<\/p>\n","protected":false},"featured_media":15405,"template":"","meta":{"_acf_changed":false},"product_brand":[],"product_cat":[415,56,57,59],"product_tag":[60],"class_list":{"0":"post-15404","1":"product","2":"type-product","3":"status-publish","4":"has-post-thumbnail","6":"product_cat-maal","7":"product_cat-olimaal","8":"product_cat-muudud","9":"product_cat-e-pood","10":"product_tag-e-pood","12":"first","13":"outofstock","14":"shipping-taxable","15":"purchasable","16":"product-type-simple"},"acf":[],"_links":{"self":[{"href":"https:\/\/alleegalerii.ee\/en\/wp-json\/wp\/v2\/product\/15404","targetHints":{"allow":["GET"]}}],"collection":[{"href":"https:\/\/alleegalerii.ee\/en\/wp-json\/wp\/v2\/product"}],"about":[{"href":"https:\/\/alleegalerii.ee\/en\/wp-json\/wp\/v2\/types\/product"}],"wp:featuredmedia":[{"embeddable":true,"href":"https:\/\/alleegalerii.ee\/en\/wp-json\/wp\/v2\/media\/15405"}],"wp:attachment":[{"href":"https:\/\/alleegalerii.ee\/en\/wp-json\/wp\/v2\/media?parent=15404"}],"wp:term":[{"taxonomy":"product_brand","embeddable":true,"href":"https:\/\/alleegalerii.ee\/en\/wp-json\/wp\/v2\/product_brand?post=15404"},{"taxonomy":"product_cat","embeddable":true,"href":"https:\/\/alleegalerii.ee\/en\/wp-json\/wp\/v2\/product_cat?post=15404"},{"taxonomy":"product_tag","embeddable":true,"href":"https:\/\/alleegalerii.ee\/en\/wp-json\/wp\/v2\/product_tag?post=15404"}],"curies":[{"name":"wp","href":"https:\/\/api.w.org\/{rel}","templated":true}]}}