{"id":15400,"date":"2024-02-23T13:33:03","date_gmt":"2024-02-23T11:33:03","guid":{"rendered":"https:\/\/alleegalerii.ee\/?post_type=product&#038;p=15400"},"modified":"2025-11-20T14:01:08","modified_gmt":"2025-11-20T12:01:08","slug":"mauri-gross-horgutis-2022","status":"publish","type":"product","link":"https:\/\/alleegalerii.ee\/en\/shop\/mauri-gross-horgutis-2022\/","title":{"rendered":"Mauri Gross &#8220;H\u00f5rgutis&#8221;, 2022"},"content":{"rendered":"","protected":false},"excerpt":{"rendered":"<p>\u00d5li puidul. Raamitud.<\/p>\n<p>M\u00f5\u00f5dud: 103 x 80 cm.<\/p>\n<p>All vasakul: MAURI GROSS<br \/>\nAll paremal: 23<br \/>\nP\u00f6\u00f6rdel: MAURI GROSS \u00d5LI PUIDUL 103 x 80 2022 &#8220;H\u00d5RGUTIS&#8221;<\/p>\n<p><span style=\"font-weight: 400;\">Mauri Gross on vabakutseline kunstnik, kes on l\u00f5petanud Tartu Kunstikooli ja Eesti Kunstiakadeemia.<br \/>\n<\/span><span style=\"font-weight: 400;\">Alates 2013 on ta Eesti Kunstnike Liidu liige ja alates 2015 Maalikunstnike Liidu liige. Gross on n\u00e4itustel <\/span><span style=\"font-weight: 400;\">osalenud alates aastast 1991, sealhulgas viimasel viiel aastal osalenud rohkem kui 20 n\u00e4itusel.<\/span><\/p>\n","protected":false},"featured_media":15423,"template":"","meta":{"_acf_changed":false},"product_brand":[],"product_cat":[415,56,59],"product_tag":[60],"class_list":{"0":"post-15400","1":"product","2":"type-product","3":"status-publish","4":"has-post-thumbnail","6":"product_cat-maal","7":"product_cat-olimaal","8":"product_cat-e-pood","9":"product_tag-e-pood","11":"first","12":"instock","13":"shipping-taxable","14":"purchasable","15":"product-type-simple"},"acf":[],"_links":{"self":[{"href":"https:\/\/alleegalerii.ee\/en\/wp-json\/wp\/v2\/product\/15400","targetHints":{"allow":["GET"]}}],"collection":[{"href":"https:\/\/alleegalerii.ee\/en\/wp-json\/wp\/v2\/product"}],"about":[{"href":"https:\/\/alleegalerii.ee\/en\/wp-json\/wp\/v2\/types\/product"}],"wp:featuredmedia":[{"embeddable":true,"href":"https:\/\/alleegalerii.ee\/en\/wp-json\/wp\/v2\/media\/15423"}],"wp:attachment":[{"href":"https:\/\/alleegalerii.ee\/en\/wp-json\/wp\/v2\/media?parent=15400"}],"wp:term":[{"taxonomy":"product_brand","embeddable":true,"href":"https:\/\/alleegalerii.ee\/en\/wp-json\/wp\/v2\/product_brand?post=15400"},{"taxonomy":"product_cat","embeddable":true,"href":"https:\/\/alleegalerii.ee\/en\/wp-json\/wp\/v2\/product_cat?post=15400"},{"taxonomy":"product_tag","embeddable":true,"href":"https:\/\/alleegalerii.ee\/en\/wp-json\/wp\/v2\/product_tag?post=15400"}],"curies":[{"name":"wp","href":"https:\/\/api.w.org\/{rel}","templated":true}]}}