{"id":15396,"date":"2024-02-23T13:13:45","date_gmt":"2024-02-23T11:13:45","guid":{"rendered":"https:\/\/alleegalerii.ee\/?post_type=product&#038;p=15396"},"modified":"2025-02-13T12:49:32","modified_gmt":"2025-02-13T10:49:32","slug":"mauri-gross-ladvad-ja-juured-2020","status":"publish","type":"product","link":"https:\/\/alleegalerii.ee\/en\/shop\/mauri-gross-ladvad-ja-juured-2020\/","title":{"rendered":"Mauri Gross &#8220;Ladvad ja juured&#8221;, 2020"},"content":{"rendered":"","protected":false},"excerpt":{"rendered":"<p>\u00d5li puidul. Raamitud.<\/p>\n<p>M\u00f5\u00f5dud: 18 x 21 cm.<\/p>\n<p>P\u00f6\u00f6rdel: MAURI GROSS \u00d5LI PUIDUL 18 x 21 2020 &#8220;LADVAD JA JUURED&#8221;<\/p>\n<p>Mauri Gross on viimaste aastate n\u00f5utumaid t\u00e4hti eesti kunstimaastikul, kelle filigraanselt maalitud fragmendid loodusest on justkui uimastav s\u00f5\u00f5m v\u00e4rsket kevad\u00f5hku.<\/p>\n","protected":false},"featured_media":15397,"template":"","meta":{"_acf_changed":false},"product_brand":[],"product_cat":[415,56,59],"product_tag":[60],"class_list":{"0":"post-15396","1":"product","2":"type-product","3":"status-publish","4":"has-post-thumbnail","6":"product_cat-maal","7":"product_cat-olimaal","8":"product_cat-e-pood","9":"product_tag-e-pood","11":"first","12":"instock","13":"sold-individually","14":"shipping-taxable","15":"purchasable","16":"product-type-simple"},"acf":[],"_links":{"self":[{"href":"https:\/\/alleegalerii.ee\/en\/wp-json\/wp\/v2\/product\/15396","targetHints":{"allow":["GET"]}}],"collection":[{"href":"https:\/\/alleegalerii.ee\/en\/wp-json\/wp\/v2\/product"}],"about":[{"href":"https:\/\/alleegalerii.ee\/en\/wp-json\/wp\/v2\/types\/product"}],"wp:featuredmedia":[{"embeddable":true,"href":"https:\/\/alleegalerii.ee\/en\/wp-json\/wp\/v2\/media\/15397"}],"wp:attachment":[{"href":"https:\/\/alleegalerii.ee\/en\/wp-json\/wp\/v2\/media?parent=15396"}],"wp:term":[{"taxonomy":"product_brand","embeddable":true,"href":"https:\/\/alleegalerii.ee\/en\/wp-json\/wp\/v2\/product_brand?post=15396"},{"taxonomy":"product_cat","embeddable":true,"href":"https:\/\/alleegalerii.ee\/en\/wp-json\/wp\/v2\/product_cat?post=15396"},{"taxonomy":"product_tag","embeddable":true,"href":"https:\/\/alleegalerii.ee\/en\/wp-json\/wp\/v2\/product_tag?post=15396"}],"curies":[{"name":"wp","href":"https:\/\/api.w.org\/{rel}","templated":true}]}}