{"id":15365,"date":"2024-02-22T14:25:53","date_gmt":"2024-02-22T12:25:53","guid":{"rendered":"https:\/\/alleegalerii.ee\/?post_type=product&#038;p=15365"},"modified":"2025-03-06T12:43:07","modified_gmt":"2025-03-06T10:43:07","slug":"peeter-must-podcast-2024","status":"publish","type":"product","link":"https:\/\/alleegalerii.ee\/en\/shop\/peeter-must-podcast-2024\/","title":{"rendered":"Peeter Must &#8220;Podcast&#8221;, 2024"},"content":{"rendered":"","protected":false},"excerpt":{"rendered":"<p>\u00d5li l\u00f5uend. Raamitud.<\/p>\n<p>M\u00f5\u00f5dud: 120 x 120 cm.<\/p>\n<p>All paremal: Must 2024<\/p>\n<div id=\"attachment_15311\" class=\"wp-caption alignleft\">Peeter Must on l\u00f5petanud Eesti Kunstiakadeemia keraamikuna, ent on oma t\u00f5elise kutsumuse leidnud maalis. Oman\u00e4olise, selgelt \u00e4ratuntava k\u00e4ekirjaga Musta looming keskendub oma perfektse kompositsiooni otsingul v\u00e4rvile ning valguse ja varju vastandamisele. Nii s\u00fcnnivad viimaste t\u00e4helepanelikul balansseerimisel ootamatult p\u00f5nevad lahendused, kus \u00fchel ja samal teosel v\u00f5idakse figuur edasi anda kas \u00fchtlase tumeda kujutisena v\u00f5i hoopis harjumusp\u00e4ratult erksas koloriidis.<\/div>\n<div>Peeter Musta isikun\u00e4itusel &#8220;Jalutusk\u00e4igud Pariisis&#8221; Allee galeriis eksponeeritud maalil &#8220;Podcast&#8221; on kunstnik j\u00e4lginud suvises Pariisis pargipingile istunud naisterahvast. S\u00fcvenenud ilmel podcasti kuulav modell on korraga nii kohal kui \u00e4ra, \u00e4ra teises, uute teadmiste maailmas, ent ometigi siin, Prantsusmaa pealinna \u00fches kuulsaimas pargis, just siin ja praegu.<\/div>\n","protected":false},"featured_media":15378,"template":"","meta":{"_acf_changed":false},"product_brand":[],"product_cat":[415,56,57,59],"product_tag":[60],"class_list":{"0":"post-15365","1":"product","2":"type-product","3":"status-publish","4":"has-post-thumbnail","6":"product_cat-maal","7":"product_cat-olimaal","8":"product_cat-muudud","9":"product_cat-e-pood","10":"product_tag-e-pood","12":"first","13":"outofstock","14":"sold-individually","15":"shipping-taxable","16":"product-type-simple"},"acf":[],"_links":{"self":[{"href":"https:\/\/alleegalerii.ee\/en\/wp-json\/wp\/v2\/product\/15365","targetHints":{"allow":["GET"]}}],"collection":[{"href":"https:\/\/alleegalerii.ee\/en\/wp-json\/wp\/v2\/product"}],"about":[{"href":"https:\/\/alleegalerii.ee\/en\/wp-json\/wp\/v2\/types\/product"}],"wp:featuredmedia":[{"embeddable":true,"href":"https:\/\/alleegalerii.ee\/en\/wp-json\/wp\/v2\/media\/15378"}],"wp:attachment":[{"href":"https:\/\/alleegalerii.ee\/en\/wp-json\/wp\/v2\/media?parent=15365"}],"wp:term":[{"taxonomy":"product_brand","embeddable":true,"href":"https:\/\/alleegalerii.ee\/en\/wp-json\/wp\/v2\/product_brand?post=15365"},{"taxonomy":"product_cat","embeddable":true,"href":"https:\/\/alleegalerii.ee\/en\/wp-json\/wp\/v2\/product_cat?post=15365"},{"taxonomy":"product_tag","embeddable":true,"href":"https:\/\/alleegalerii.ee\/en\/wp-json\/wp\/v2\/product_tag?post=15365"}],"curies":[{"name":"wp","href":"https:\/\/api.w.org\/{rel}","templated":true}]}}