{"id":15356,"date":"2024-02-22T14:08:07","date_gmt":"2024-02-22T12:08:07","guid":{"rendered":"https:\/\/alleegalerii.ee\/?post_type=product&#038;p=15356"},"modified":"2025-07-15T23:36:43","modified_gmt":"2025-07-15T20:36:43","slug":"peeter-must-luxembourgi-aed-luxembourg-garden-2023","status":"publish","type":"product","link":"https:\/\/alleegalerii.ee\/en\/shop\/peeter-must-luxembourgi-aed-luxembourg-garden-2023\/","title":{"rendered":"Peeter Must &#8220;Luxembourgi aed \/ Luxembourg garden&#8221;, 2023"},"content":{"rendered":"","protected":false},"excerpt":{"rendered":"<p>\u00d5li l\u00f5uend. Raamitud.<\/p>\n<p>M\u00f5\u00f5dud: 120 x 120 cm.<\/p>\n<p>All paremal: Must 2023<\/p>\n<p>Peeter Must on l\u00f5petanud Eesti Kunstiakadeemia keraamikuna, ent on oma t\u00f5elise kutsumuse leidnud maalis. Oman\u00e4olise, selgelt \u00e4ratuntava k\u00e4ekirjaga Musta looming keskendub oma perfektse kompositsiooni otsingul v\u00e4rvile ning valguse ja varju vastandamisele. Musta Allee galeriis toimunud isikun\u00e4itusel &#8220;Jalutusk\u00e4igud Pariisis&#8221; eksponeeritud teos &#8220;Luxembourgi aed&#8221; annab edasi hetke Pariisi \u00fche kuulsaima pargi suvisest p\u00e4evast aastal 2023.<\/p>\n<p>&nbsp;<\/p>\n","protected":false},"featured_media":15372,"template":"","meta":{"_acf_changed":false},"product_brand":[],"product_cat":[415,56,57,59],"product_tag":[60],"class_list":{"0":"post-15356","1":"product","2":"type-product","3":"status-publish","4":"has-post-thumbnail","6":"product_cat-maal","7":"product_cat-olimaal","8":"product_cat-muudud","9":"product_cat-e-pood","10":"product_tag-e-pood","12":"first","13":"outofstock","14":"sold-individually","15":"shipping-taxable","16":"purchasable","17":"product-type-simple"},"acf":[],"_links":{"self":[{"href":"https:\/\/alleegalerii.ee\/en\/wp-json\/wp\/v2\/product\/15356","targetHints":{"allow":["GET"]}}],"collection":[{"href":"https:\/\/alleegalerii.ee\/en\/wp-json\/wp\/v2\/product"}],"about":[{"href":"https:\/\/alleegalerii.ee\/en\/wp-json\/wp\/v2\/types\/product"}],"wp:featuredmedia":[{"embeddable":true,"href":"https:\/\/alleegalerii.ee\/en\/wp-json\/wp\/v2\/media\/15372"}],"wp:attachment":[{"href":"https:\/\/alleegalerii.ee\/en\/wp-json\/wp\/v2\/media?parent=15356"}],"wp:term":[{"taxonomy":"product_brand","embeddable":true,"href":"https:\/\/alleegalerii.ee\/en\/wp-json\/wp\/v2\/product_brand?post=15356"},{"taxonomy":"product_cat","embeddable":true,"href":"https:\/\/alleegalerii.ee\/en\/wp-json\/wp\/v2\/product_cat?post=15356"},{"taxonomy":"product_tag","embeddable":true,"href":"https:\/\/alleegalerii.ee\/en\/wp-json\/wp\/v2\/product_tag?post=15356"}],"curies":[{"name":"wp","href":"https:\/\/api.w.org\/{rel}","templated":true}]}}