{"id":15348,"date":"2024-02-22T13:32:12","date_gmt":"2024-02-22T11:32:12","guid":{"rendered":"https:\/\/alleegalerii.ee\/?post_type=product&#038;p=15348"},"modified":"2024-03-07T15:34:01","modified_gmt":"2024-03-07T13:34:01","slug":"mauri-gross-seelik-2023","status":"publish","type":"product","link":"https:\/\/alleegalerii.ee\/en\/shop\/mauri-gross-seelik-2023\/","title":{"rendered":"Mauri Gross &#8220;Seelik&#8221;, 2023"},"content":{"rendered":"","protected":false},"excerpt":{"rendered":"<p>\u00d5li l\u00f5uendil.<\/p>\n<p>M\u00f5\u00f5dud: 124 x 124 cm.<\/p>\n<p>All vasakul: MAURI GROSS<br \/>\nAll paremal: 23<br \/>\nP\u00f6\u00f6rdel: MAURI GROSS \u00d5LI L\u00d5UEND 124 x 124 2023 &#8220;SEELIK&#8221;<\/p>\n<p>Mauri Grossi isikun\u00e4itusel &#8220;P \u00d5 L E V P \u00d5 \u00d5 S A S&#8221; eksponeeritud teos &#8220;Seelik&#8221; t\u00e4histab uue ja p\u00f5neva motiivi ilmumist kunstniku loomingusse. H\u00fcpnotiseeriva m\u00f5juga seelikumustrisse on Gross teadlikult j\u00e4tnud vaevu m\u00e4rgatavaid ebatasasusi, mis aitavad omal moel m\u00f6\u00f6da joontemerd silmal lihtsamini seigelda.<\/p>\n","protected":false},"featured_media":15350,"template":"","meta":{"_acf_changed":false},"product_brand":[],"product_cat":[415,56,57,59],"product_tag":[60],"class_list":{"0":"post-15348","1":"product","2":"type-product","3":"status-publish","4":"has-post-thumbnail","6":"product_cat-maal","7":"product_cat-olimaal","8":"product_cat-muudud","9":"product_cat-e-pood","10":"product_tag-e-pood","12":"first","13":"outofstock","14":"shipping-taxable","15":"purchasable","16":"product-type-simple"},"acf":[],"_links":{"self":[{"href":"https:\/\/alleegalerii.ee\/en\/wp-json\/wp\/v2\/product\/15348","targetHints":{"allow":["GET"]}}],"collection":[{"href":"https:\/\/alleegalerii.ee\/en\/wp-json\/wp\/v2\/product"}],"about":[{"href":"https:\/\/alleegalerii.ee\/en\/wp-json\/wp\/v2\/types\/product"}],"wp:featuredmedia":[{"embeddable":true,"href":"https:\/\/alleegalerii.ee\/en\/wp-json\/wp\/v2\/media\/15350"}],"wp:attachment":[{"href":"https:\/\/alleegalerii.ee\/en\/wp-json\/wp\/v2\/media?parent=15348"}],"wp:term":[{"taxonomy":"product_brand","embeddable":true,"href":"https:\/\/alleegalerii.ee\/en\/wp-json\/wp\/v2\/product_brand?post=15348"},{"taxonomy":"product_cat","embeddable":true,"href":"https:\/\/alleegalerii.ee\/en\/wp-json\/wp\/v2\/product_cat?post=15348"},{"taxonomy":"product_tag","embeddable":true,"href":"https:\/\/alleegalerii.ee\/en\/wp-json\/wp\/v2\/product_tag?post=15348"}],"curies":[{"name":"wp","href":"https:\/\/api.w.org\/{rel}","templated":true}]}}