{"id":15339,"date":"2024-02-21T18:01:00","date_gmt":"2024-02-21T16:01:00","guid":{"rendered":"https:\/\/alleegalerii.ee\/?post_type=product&#038;p=15339"},"modified":"2024-03-09T13:16:11","modified_gmt":"2024-03-09T11:16:11","slug":"mauri-gross-vaike-ideaalmaastik-1-2023","status":"publish","type":"product","link":"https:\/\/alleegalerii.ee\/en\/shop\/mauri-gross-vaike-ideaalmaastik-1-2023\/","title":{"rendered":"Mauri Gross &#8220;V\u00e4ike ideaalmaastik 1&#8221;, 2023"},"content":{"rendered":"","protected":false},"excerpt":{"rendered":"<p>\u00d5li puidul. Raamitud.<\/p>\n<p>M\u00f5\u00f5dud: 20 x 23 cm.<\/p>\n<p>Mauri Gross (s 1969) \u00a0on vabakutseline kunstnik, kes on l\u00f5petanud Tartu Kunstikooli ja Eesti Kunstiakadeemia. Alates 2013 on ta Eesti Kunstnike Liidu liige ja alates 2015 Maalikunstnike Liidu liige. Gross on n\u00e4itustel osalenud alates aastast 1991, sealhulgas viimasel viiel aastal osalenud rohkem kui 20 n\u00e4itusel.<\/p>\n<p>Grossi isikun\u00e4itusel &#8220;P \u00d5 L E V P \u00d5 \u00d5 S A S&#8221; (Allee galerii, 21.02-21.03.2024, kuraator Katre Palm) eksponeeritud teos j\u00e4tkab tema armastatud kirsimarjade sarja, kus ahvatlevad viljad on seekord asetatud abstraktsele taustale. Diagonaalsuunda r\u00f5hutav maal on t\u00e4is eluj\u00f5udu ja liikumist.<\/p>\n","protected":false},"featured_media":15340,"template":"","meta":{"_acf_changed":false},"product_brand":[],"product_cat":[415,56,57,59],"product_tag":[60],"class_list":{"0":"post-15339","1":"product","2":"type-product","3":"status-publish","4":"has-post-thumbnail","6":"product_cat-maal","7":"product_cat-olimaal","8":"product_cat-muudud","9":"product_cat-e-pood","10":"product_tag-e-pood","12":"first","13":"outofstock","14":"sold-individually","15":"shipping-taxable","16":"purchasable","17":"product-type-simple"},"acf":[],"_links":{"self":[{"href":"https:\/\/alleegalerii.ee\/en\/wp-json\/wp\/v2\/product\/15339","targetHints":{"allow":["GET"]}}],"collection":[{"href":"https:\/\/alleegalerii.ee\/en\/wp-json\/wp\/v2\/product"}],"about":[{"href":"https:\/\/alleegalerii.ee\/en\/wp-json\/wp\/v2\/types\/product"}],"wp:featuredmedia":[{"embeddable":true,"href":"https:\/\/alleegalerii.ee\/en\/wp-json\/wp\/v2\/media\/15340"}],"wp:attachment":[{"href":"https:\/\/alleegalerii.ee\/en\/wp-json\/wp\/v2\/media?parent=15339"}],"wp:term":[{"taxonomy":"product_brand","embeddable":true,"href":"https:\/\/alleegalerii.ee\/en\/wp-json\/wp\/v2\/product_brand?post=15339"},{"taxonomy":"product_cat","embeddable":true,"href":"https:\/\/alleegalerii.ee\/en\/wp-json\/wp\/v2\/product_cat?post=15339"},{"taxonomy":"product_tag","embeddable":true,"href":"https:\/\/alleegalerii.ee\/en\/wp-json\/wp\/v2\/product_tag?post=15339"}],"curies":[{"name":"wp","href":"https:\/\/api.w.org\/{rel}","templated":true}]}}