{"id":15338,"date":"2024-02-21T17:37:12","date_gmt":"2024-02-21T15:37:12","guid":{"rendered":"https:\/\/alleegalerii.ee\/?post_type=product&#038;p=15338"},"modified":"2024-03-09T13:17:13","modified_gmt":"2024-03-09T11:17:13","slug":"mauri-gross-ulekanne-2023","status":"publish","type":"product","link":"https:\/\/alleegalerii.ee\/en\/shop\/mauri-gross-ulekanne-2023\/","title":{"rendered":"Mauri Gross &#8220;\u00dclekanne&#8221;, 2023"},"content":{"rendered":"","protected":false},"excerpt":{"rendered":"<p>\u00d5li l\u00f5uendil. 2023<\/p>\n<p>M\u00f5\u00f5dud: 124 x 124 cm.<\/p>\n<p>P\u00f6\u00f6rdel: MAURI GROSS \u00d5LI L\u00d5UEND 124 x 124 2023 &#8220;\u00dcLEKANNE&#8221;<\/p>\n<p>Mauri Gross (s 1969) on erandlikumaid eesti maalijaid \u2013 seda nii tehnilise virtuoossuse kui ka floraalse teema t\u00f5ttu.<\/p>\n<p>Grossi isikun\u00e4itusel &#8220;P \u00d5 L E V P \u00d5 \u00d5 S A S&#8221; eksponeeritud teos on tema \u00fche signatuurmotiivi suurep\u00e4raseid n\u00e4iteid, mis ometigi aga annab aimu kunstniku uusimast, vertikaalsete joonte h\u00fcpnotiseerivale m\u00f5jule baseeritud suunast (vt ka teos &#8220;Seelik&#8221;). Looduse viljakust ja eluj\u00f5udu s\u00fcmboliseerivat tihedat k\u00f5rtemerd ilmestavad s\u00e4ravad roosakad \u00f5ied. Kunstnikule omaselt m\u00e4rkame teoses ka teatraalsust, lavakujunduslikku m\u00f5ju.<\/p>\n","protected":false},"featured_media":15326,"template":"","meta":{"_acf_changed":false},"product_brand":[],"product_cat":[415,56,57,59],"product_tag":[60],"class_list":{"0":"post-15338","1":"product","2":"type-product","3":"status-publish","4":"has-post-thumbnail","6":"product_cat-maal","7":"product_cat-olimaal","8":"product_cat-muudud","9":"product_cat-e-pood","10":"product_tag-e-pood","12":"first","13":"outofstock","14":"sold-individually","15":"shipping-taxable","16":"purchasable","17":"product-type-simple"},"acf":[],"_links":{"self":[{"href":"https:\/\/alleegalerii.ee\/en\/wp-json\/wp\/v2\/product\/15338","targetHints":{"allow":["GET"]}}],"collection":[{"href":"https:\/\/alleegalerii.ee\/en\/wp-json\/wp\/v2\/product"}],"about":[{"href":"https:\/\/alleegalerii.ee\/en\/wp-json\/wp\/v2\/types\/product"}],"wp:featuredmedia":[{"embeddable":true,"href":"https:\/\/alleegalerii.ee\/en\/wp-json\/wp\/v2\/media\/15326"}],"wp:attachment":[{"href":"https:\/\/alleegalerii.ee\/en\/wp-json\/wp\/v2\/media?parent=15338"}],"wp:term":[{"taxonomy":"product_brand","embeddable":true,"href":"https:\/\/alleegalerii.ee\/en\/wp-json\/wp\/v2\/product_brand?post=15338"},{"taxonomy":"product_cat","embeddable":true,"href":"https:\/\/alleegalerii.ee\/en\/wp-json\/wp\/v2\/product_cat?post=15338"},{"taxonomy":"product_tag","embeddable":true,"href":"https:\/\/alleegalerii.ee\/en\/wp-json\/wp\/v2\/product_tag?post=15338"}],"curies":[{"name":"wp","href":"https:\/\/api.w.org\/{rel}","templated":true}]}}