{"id":15286,"date":"2024-02-17T14:14:08","date_gmt":"2024-02-17T12:14:08","guid":{"rendered":"https:\/\/alleegalerii.ee\/?post_type=product&#038;p=15286"},"modified":"2024-03-01T12:40:12","modified_gmt":"2024-03-01T10:40:12","slug":"silvi-liiva-lillevali-2006","status":"publish","type":"product","link":"https:\/\/alleegalerii.ee\/en\/shop\/silvi-liiva-lillevali-2006\/","title":{"rendered":"Silvi Liiva &#8220;Lillev\u00e4li&#8221;, 2006"},"content":{"rendered":"","protected":false},"excerpt":{"rendered":"<p>Ofort paberil. Raamitud.<\/p>\n<p>M\u00f5\u00f5dud: plm 16,5 x 14,5 cm, raamiga 32 x 27 cm.<\/p>\n<p>All vasakul: Lillev\u00e4li. ofort 14\/50<br \/>\nAll paremal: Silvi Liiva 2006<\/p>\n<p>Setomaalt V\u00e4rskast p\u00e4rit graafik Silvi Liiva (s 1941) on oma loomingu eest v\u00f5itnud arvukalt preemiaid, sh Eduard Wiiralti graafika auhinna (elut\u00f6\u00f6preemia) ja neljal korral Kunstnike Liidu aastapreemia. Tema s\u00fcrreaalse alatooniga teoste p\u00f5hifookus on emotsioonidel, s\u00fcmbolitel, t\u00e4hendusel.<\/p>\n","protected":false},"featured_media":15288,"template":"","meta":{"_acf_changed":false},"product_brand":[],"product_cat":[61,57,59],"product_tag":[60],"class_list":{"0":"post-15286","1":"product","2":"type-product","3":"status-publish","4":"has-post-thumbnail","6":"product_cat-graafika","7":"product_cat-muudud","8":"product_cat-e-pood","9":"product_tag-e-pood","11":"first","12":"outofstock","13":"sold-individually","14":"shipping-taxable","15":"purchasable","16":"product-type-simple"},"acf":[],"_links":{"self":[{"href":"https:\/\/alleegalerii.ee\/en\/wp-json\/wp\/v2\/product\/15286","targetHints":{"allow":["GET"]}}],"collection":[{"href":"https:\/\/alleegalerii.ee\/en\/wp-json\/wp\/v2\/product"}],"about":[{"href":"https:\/\/alleegalerii.ee\/en\/wp-json\/wp\/v2\/types\/product"}],"wp:featuredmedia":[{"embeddable":true,"href":"https:\/\/alleegalerii.ee\/en\/wp-json\/wp\/v2\/media\/15288"}],"wp:attachment":[{"href":"https:\/\/alleegalerii.ee\/en\/wp-json\/wp\/v2\/media?parent=15286"}],"wp:term":[{"taxonomy":"product_brand","embeddable":true,"href":"https:\/\/alleegalerii.ee\/en\/wp-json\/wp\/v2\/product_brand?post=15286"},{"taxonomy":"product_cat","embeddable":true,"href":"https:\/\/alleegalerii.ee\/en\/wp-json\/wp\/v2\/product_cat?post=15286"},{"taxonomy":"product_tag","embeddable":true,"href":"https:\/\/alleegalerii.ee\/en\/wp-json\/wp\/v2\/product_tag?post=15286"}],"curies":[{"name":"wp","href":"https:\/\/api.w.org\/{rel}","templated":true}]}}