{"id":15256,"date":"2024-02-07T14:34:26","date_gmt":"2024-02-07T12:34:26","guid":{"rendered":"https:\/\/alleegalerii.ee\/?post_type=product&#038;p=15256"},"modified":"2025-01-23T14:46:00","modified_gmt":"2025-01-23T12:46:00","slug":"eduard-maaser-valge-pilv-1972","status":"publish","type":"product","link":"https:\/\/alleegalerii.ee\/en\/shop\/eduard-maaser-valge-pilv-1972\/","title":{"rendered":"Eduard Maaser &#8220;Valge pilv&#8221;, 1972"},"content":{"rendered":"","protected":false},"excerpt":{"rendered":"<p>Akvarell. Raamitud.<\/p>\n<p>M\u00f5\u00f5dud ilma raamita: 55,5 x 76 cm.<\/p>\n<p><span style=\"font-weight: 400;\">Eduard Maaser (1916-1990) sai kunstihariduse Pallases, l\u00f5petades selle 1948. aastal juba Tartu Riikliku Kunstiinstituudi nimelises koolis. 1960. aastatest alates keskendus ta akvarellile, j\u00e4\u00e4dvustas eelk\u00f5ige L\u00f5una-Eesti maastikke.\u00a0<\/span><\/p>\n<p><span style=\"font-weight: 400;\">Maaseri \u00f5rnalt l\u00e4bikumav akvarell \u201cValge pilv\u201d on id\u00fclliline vaade L\u00f5una-Eesti suvisele maastikule ja v\u00f5lub oivalise valgusk\u00e4sitlusega.<\/span><\/p>\n","protected":false},"featured_media":15300,"template":"","meta":{"_acf_changed":false},"product_brand":[],"product_cat":[415,54,57,59],"product_tag":[60],"class_list":{"0":"post-15256","1":"product","2":"type-product","3":"status-publish","4":"has-post-thumbnail","6":"product_cat-maal","7":"product_cat-akvarell","8":"product_cat-muudud","9":"product_cat-e-pood","10":"product_tag-e-pood","12":"first","13":"outofstock","14":"sold-individually","15":"shipping-taxable","16":"purchasable","17":"product-type-simple"},"acf":[],"_links":{"self":[{"href":"https:\/\/alleegalerii.ee\/en\/wp-json\/wp\/v2\/product\/15256","targetHints":{"allow":["GET"]}}],"collection":[{"href":"https:\/\/alleegalerii.ee\/en\/wp-json\/wp\/v2\/product"}],"about":[{"href":"https:\/\/alleegalerii.ee\/en\/wp-json\/wp\/v2\/types\/product"}],"wp:featuredmedia":[{"embeddable":true,"href":"https:\/\/alleegalerii.ee\/en\/wp-json\/wp\/v2\/media\/15300"}],"wp:attachment":[{"href":"https:\/\/alleegalerii.ee\/en\/wp-json\/wp\/v2\/media?parent=15256"}],"wp:term":[{"taxonomy":"product_brand","embeddable":true,"href":"https:\/\/alleegalerii.ee\/en\/wp-json\/wp\/v2\/product_brand?post=15256"},{"taxonomy":"product_cat","embeddable":true,"href":"https:\/\/alleegalerii.ee\/en\/wp-json\/wp\/v2\/product_cat?post=15256"},{"taxonomy":"product_tag","embeddable":true,"href":"https:\/\/alleegalerii.ee\/en\/wp-json\/wp\/v2\/product_tag?post=15256"}],"curies":[{"name":"wp","href":"https:\/\/api.w.org\/{rel}","templated":true}]}}