{"id":15249,"date":"2024-03-11T09:16:29","date_gmt":"2024-03-11T07:16:29","guid":{"rendered":"https:\/\/alleegalerii.ee\/?post_type=product&#038;p=15249"},"modified":"2026-01-14T13:38:34","modified_gmt":"2026-01-14T11:38:34","slug":"alo-hoidre-sojavarjud-1966","status":"publish","type":"product","link":"https:\/\/alleegalerii.ee\/en\/shop\/alo-hoidre-sojavarjud-1966\/","title":{"rendered":"Alo Hoidre &#8220;S\u00f5javarjud&#8221;, 1966"},"content":{"rendered":"","protected":false},"excerpt":{"rendered":"<p>Litograafia paberil.<\/p>\n<p>M\u00f5\u00f5dud: km 52,6 x 50,5 cm, raamiga 72 x 66,5 cm.<\/p>\n<p>All vasakul: &#8211; S\u00f5javarjud &#8211; (lito) 8\/10<br \/>\nAll paremal: Alo Hoidre 66<\/p>\n<p>Teos vajab \u00fcmberraamimist. Soovi korral saame aidata raami valikul ja vormistamisel.<\/p>\n<p>Riigi Kunstt\u00f6\u00f6stuskoolis litograafiat ja Riigi K\u00f5rgemas Kunstikoolis graafikat \u00f5ppinud Alo Hoidrest (1916-1993) sai p\u00e4rast s\u00f5da ERKI hinnatud ja kauaaegne graafika\u00f5ppej\u00f5ud, kelle \u00f5petuss\u00f5nad on edasi kandunud mitmete t\u00e4naste graafikute loomingusse.<\/p>\n<p>Hoidre litograafiak\u00e4sitlust iseloomustavat maalilisust n\u00e4eme selgelt ka k\u00e4esoleval teosel. Eesti kunsti jaoks murrangulisel k\u00fcmnendil valminud &#8220;S\u00f5javarjud&#8221; on t\u00e4is emotsionaalset pinget ning n\u00e4itab Hoidre tehnilist meisterlikkust selle parimast k\u00fcljest.<\/p>\n","protected":false},"featured_media":15252,"template":"","meta":{"_acf_changed":false},"product_brand":[],"product_cat":[61,59],"product_tag":[60],"class_list":{"0":"post-15249","1":"product","2":"type-product","3":"status-publish","4":"has-post-thumbnail","6":"product_cat-graafika","7":"product_cat-e-pood","8":"product_tag-e-pood","10":"first","11":"instock","12":"sold-individually","13":"shipping-taxable","14":"purchasable","15":"product-type-simple"},"acf":[],"_links":{"self":[{"href":"https:\/\/alleegalerii.ee\/en\/wp-json\/wp\/v2\/product\/15249","targetHints":{"allow":["GET"]}}],"collection":[{"href":"https:\/\/alleegalerii.ee\/en\/wp-json\/wp\/v2\/product"}],"about":[{"href":"https:\/\/alleegalerii.ee\/en\/wp-json\/wp\/v2\/types\/product"}],"wp:featuredmedia":[{"embeddable":true,"href":"https:\/\/alleegalerii.ee\/en\/wp-json\/wp\/v2\/media\/15252"}],"wp:attachment":[{"href":"https:\/\/alleegalerii.ee\/en\/wp-json\/wp\/v2\/media?parent=15249"}],"wp:term":[{"taxonomy":"product_brand","embeddable":true,"href":"https:\/\/alleegalerii.ee\/en\/wp-json\/wp\/v2\/product_brand?post=15249"},{"taxonomy":"product_cat","embeddable":true,"href":"https:\/\/alleegalerii.ee\/en\/wp-json\/wp\/v2\/product_cat?post=15249"},{"taxonomy":"product_tag","embeddable":true,"href":"https:\/\/alleegalerii.ee\/en\/wp-json\/wp\/v2\/product_tag?post=15249"}],"curies":[{"name":"wp","href":"https:\/\/api.w.org\/{rel}","templated":true}]}}