{"id":15243,"date":"2024-02-07T14:35:06","date_gmt":"2024-02-07T12:35:06","guid":{"rendered":"https:\/\/alleegalerii.ee\/?post_type=product&#038;p=15243"},"modified":"2024-02-07T23:20:47","modified_gmt":"2024-02-07T21:20:47","slug":"marje-uksine-tallinna-motiiv-1980","status":"publish","type":"product","link":"https:\/\/alleegalerii.ee\/en\/shop\/marje-uksine-tallinna-motiiv-1980\/","title":{"rendered":"Marje \u00dcksine \u201cTallinna motiiv\u201d, 1980"},"content":{"rendered":"","protected":false},"excerpt":{"rendered":"<p>Kuivn\u00f5el paberil. Raamitud.<\/p>\n<p>M\u00f5\u00f5dud: plm 48,7 x 23,5 cm, raamiga 76,5 x 49,5 cm.<\/p>\n<p>All vasakul: &#8220;Tallinna motiiv&#8221;<br \/>\nAll keskel: (kuivn\u00f5el)<br \/>\nAll paremal: M. \u00dcksine 80<\/p>\n<p>Mitmetesse maailma mainekatesse kunstikollektsioonidesse kuuluv graafik Marje \u00dcksine (s 1945) kujundas juba varakult v\u00e4lja \u00fche oma signatuurtehnikaist, kus tema kujundimaailm moodustus tihedatest paralleeljoontest. Nii moodustub ka k\u00e4esoleva teose linnavaade tihedast joontemerest. Kunstnikule omaselt leiame teoselt ka salap\u00e4raseid, peaaegu peidetud objekte, mis t\u00f6\u00f6le teatud metaf\u00fc\u00fcsilise tasandi lisavad.<\/p>\n","protected":false},"featured_media":15245,"template":"","meta":{"_acf_changed":false},"product_brand":[],"product_cat":[61,59],"product_tag":[60],"class_list":{"0":"post-15243","1":"product","2":"type-product","3":"status-publish","4":"has-post-thumbnail","6":"product_cat-graafika","7":"product_cat-e-pood","8":"product_tag-e-pood","10":"first","11":"instock","12":"sold-individually","13":"shipping-taxable","14":"purchasable","15":"product-type-simple"},"acf":[],"_links":{"self":[{"href":"https:\/\/alleegalerii.ee\/en\/wp-json\/wp\/v2\/product\/15243","targetHints":{"allow":["GET"]}}],"collection":[{"href":"https:\/\/alleegalerii.ee\/en\/wp-json\/wp\/v2\/product"}],"about":[{"href":"https:\/\/alleegalerii.ee\/en\/wp-json\/wp\/v2\/types\/product"}],"wp:featuredmedia":[{"embeddable":true,"href":"https:\/\/alleegalerii.ee\/en\/wp-json\/wp\/v2\/media\/15245"}],"wp:attachment":[{"href":"https:\/\/alleegalerii.ee\/en\/wp-json\/wp\/v2\/media?parent=15243"}],"wp:term":[{"taxonomy":"product_brand","embeddable":true,"href":"https:\/\/alleegalerii.ee\/en\/wp-json\/wp\/v2\/product_brand?post=15243"},{"taxonomy":"product_cat","embeddable":true,"href":"https:\/\/alleegalerii.ee\/en\/wp-json\/wp\/v2\/product_cat?post=15243"},{"taxonomy":"product_tag","embeddable":true,"href":"https:\/\/alleegalerii.ee\/en\/wp-json\/wp\/v2\/product_tag?post=15243"}],"curies":[{"name":"wp","href":"https:\/\/api.w.org\/{rel}","templated":true}]}}