{"id":15236,"date":"2024-02-07T13:19:38","date_gmt":"2024-02-07T11:19:38","guid":{"rendered":"https:\/\/alleegalerii.ee\/?post_type=product&#038;p=15236"},"modified":"2026-01-16T17:11:20","modified_gmt":"2026-01-16T15:11:20","slug":"eduard-einmann-araablanna-1960","status":"publish","type":"product","link":"https:\/\/alleegalerii.ee\/en\/shop\/eduard-einmann-araablanna-1960\/","title":{"rendered":"Eduard Einmann &#8220;Araablanna&#8221;, 1960"},"content":{"rendered":"","protected":false},"excerpt":{"rendered":"<p>Kuivn\u00f5el paberil. Raamitud.<\/p>\n<p>M\u00f5\u00f5dud: plm 13,5 x 9,5 cm, raamiga 33, x 27 cm.<\/p>\n<p>All vasakul: Araablanna<br \/>\nAll keskel: kuivn\u00f5el<br \/>\nAll paremal: Ed. Einmann 1960<\/p>\n<p>Nii Riigi Kunstt\u00f6\u00f6stuskooli kui Riigi K\u00f5rgema Kunstikooli l\u00f5petanud Eduard Einmannist (1913-1982) kujunes juba 1950-ndatel \u00fcks tunnustatumaid portretiste. 1960. aastatest alates muutub tema k\u00e4ekiri stiliseeritumaks ning n\u00e4eme uut, katsetustele altimat Einmanni.<\/p>\n","protected":false},"featured_media":15241,"template":"","meta":{"_acf_changed":false},"product_brand":[],"product_cat":[61,59],"product_tag":[60],"class_list":{"0":"post-15236","1":"product","2":"type-product","3":"status-publish","4":"has-post-thumbnail","6":"product_cat-graafika","7":"product_cat-e-pood","8":"product_tag-e-pood","10":"first","11":"instock","12":"shipping-taxable","13":"purchasable","14":"product-type-simple"},"acf":[],"_links":{"self":[{"href":"https:\/\/alleegalerii.ee\/en\/wp-json\/wp\/v2\/product\/15236","targetHints":{"allow":["GET"]}}],"collection":[{"href":"https:\/\/alleegalerii.ee\/en\/wp-json\/wp\/v2\/product"}],"about":[{"href":"https:\/\/alleegalerii.ee\/en\/wp-json\/wp\/v2\/types\/product"}],"wp:featuredmedia":[{"embeddable":true,"href":"https:\/\/alleegalerii.ee\/en\/wp-json\/wp\/v2\/media\/15241"}],"wp:attachment":[{"href":"https:\/\/alleegalerii.ee\/en\/wp-json\/wp\/v2\/media?parent=15236"}],"wp:term":[{"taxonomy":"product_brand","embeddable":true,"href":"https:\/\/alleegalerii.ee\/en\/wp-json\/wp\/v2\/product_brand?post=15236"},{"taxonomy":"product_cat","embeddable":true,"href":"https:\/\/alleegalerii.ee\/en\/wp-json\/wp\/v2\/product_cat?post=15236"},{"taxonomy":"product_tag","embeddable":true,"href":"https:\/\/alleegalerii.ee\/en\/wp-json\/wp\/v2\/product_tag?post=15236"}],"curies":[{"name":"wp","href":"https:\/\/api.w.org\/{rel}","templated":true}]}}