{"id":15234,"date":"2024-02-06T17:49:47","date_gmt":"2024-02-06T15:49:47","guid":{"rendered":"https:\/\/alleegalerii.ee\/?post_type=product&#038;p=15234"},"modified":"2024-12-26T16:45:35","modified_gmt":"2024-12-26T14:45:35","slug":"heino-kersna-savan-i-1974","status":"publish","type":"product","link":"https:\/\/alleegalerii.ee\/en\/shop\/heino-kersna-savan-i-1974\/","title":{"rendered":"Heino Kersna \u201cSavan I\u201d, 1974"},"content":{"rendered":"","protected":false},"excerpt":{"rendered":"<p>M\u00dc\u00dcDUD.<\/p>\n<p>S\u00f6\u00f6vitus paberil. Tr\u00fckitud ja koloreeritud k\u00e4sitsi. Raamitud.<\/p>\n<p>M\u00f5\u00f5dud: km 26,5 x 8,5 cm, raamiga 46 x 26 cm.<\/p>\n<p>All: 1\/15 Heino Kersna 1974.a.<br \/>\nPlaadi all vasakul: Savan I<br \/>\nPlaadil all paremal: HK 74.<br \/>\nP\u00f6\u00f6rdel pliiatsiga: &#8220;Savan I&#8221;<\/p>\n<p><span style=\"font-weight: 400;\">Heino Kersna (1922-2007) oli tuntud <\/span><span style=\"font-weight: 400;\">raamatugraafik<\/span><span style=\"font-weight: 400;\"> ja <\/span><span style=\"font-weight: 400;\">kirjakunstnik<\/span><span style=\"font-weight: 400;\">. 1937. aastal asus ta \u00f5ppima <\/span><span style=\"font-weight: 400;\">Riigi Kunstt\u00f6\u00f6stuskooli<\/span> <span style=\"font-weight: 400;\">litograafia<\/span><span style=\"font-weight: 400;\">&#8211; ja <\/span><span style=\"font-weight: 400;\">tsinkograafia<\/span><span style=\"font-weight: 400;\"> osakonda.\u00a0 1943 l\u00f5petas Kersna Tallinna Kujutava ja Rakenduskunsti Kooli ning 1949 Tallinna Riikliku Tarbekunsti Instituudi kunstnik-graafikuna.<\/span><\/p>\n<p><span style=\"font-weight: 400;\">Tema meisterlikkust v\u00e4ljendab ka k\u00e4esolev, kunstniku p\u00e4randkogust p\u00e4rinev teos.<\/span><\/p>\n","protected":false},"featured_media":15238,"template":"","meta":{"_acf_changed":false},"product_brand":[],"product_cat":[61,57,59],"product_tag":[60],"class_list":{"0":"post-15234","1":"product","2":"type-product","3":"status-publish","4":"has-post-thumbnail","6":"product_cat-graafika","7":"product_cat-muudud","8":"product_cat-e-pood","9":"product_tag-e-pood","11":"first","12":"outofstock","13":"sold-individually","14":"shipping-taxable","15":"purchasable","16":"product-type-simple"},"acf":[],"_links":{"self":[{"href":"https:\/\/alleegalerii.ee\/en\/wp-json\/wp\/v2\/product\/15234","targetHints":{"allow":["GET"]}}],"collection":[{"href":"https:\/\/alleegalerii.ee\/en\/wp-json\/wp\/v2\/product"}],"about":[{"href":"https:\/\/alleegalerii.ee\/en\/wp-json\/wp\/v2\/types\/product"}],"wp:featuredmedia":[{"embeddable":true,"href":"https:\/\/alleegalerii.ee\/en\/wp-json\/wp\/v2\/media\/15238"}],"wp:attachment":[{"href":"https:\/\/alleegalerii.ee\/en\/wp-json\/wp\/v2\/media?parent=15234"}],"wp:term":[{"taxonomy":"product_brand","embeddable":true,"href":"https:\/\/alleegalerii.ee\/en\/wp-json\/wp\/v2\/product_brand?post=15234"},{"taxonomy":"product_cat","embeddable":true,"href":"https:\/\/alleegalerii.ee\/en\/wp-json\/wp\/v2\/product_cat?post=15234"},{"taxonomy":"product_tag","embeddable":true,"href":"https:\/\/alleegalerii.ee\/en\/wp-json\/wp\/v2\/product_tag?post=15234"}],"curies":[{"name":"wp","href":"https:\/\/api.w.org\/{rel}","templated":true}]}}