{"id":15203,"date":"2024-02-04T19:01:40","date_gmt":"2024-02-04T17:01:40","guid":{"rendered":"https:\/\/alleegalerii.ee\/?post_type=product&#038;p=15203"},"modified":"2026-01-16T17:08:43","modified_gmt":"2026-01-16T15:08:43","slug":"juri-arrak-kompositsioon-tallinnast-1967","status":"publish","type":"product","link":"https:\/\/alleegalerii.ee\/en\/shop\/juri-arrak-kompositsioon-tallinnast-1967\/","title":{"rendered":"J\u00fcri Arrak &#8220;Kompositsioon Tallinnast&#8221;, 1967"},"content":{"rendered":"","protected":false},"excerpt":{"rendered":"<p>Tu\u0161ijoonistus, orginaalkavand linooll\u00f5ikele. Paspartuu\u00fcmbrisega.<\/p>\n<p>M\u00f5\u00f5dud: ava 18,8 x 19,3 cm, paspartuu\u00fcmbrisega 32 x 32 cm.<\/p>\n<p>All vasakul: &#8220;Kompositsioon Tallinnast&#8221; (Kavand linoolile)<br \/>\nAll paremal: J. Arrak 67.<\/p>\n<p>J\u00fcri Arraku puhul on tegu eesti kaasaegse kunsti suurmeistriga, kelle ainulaadne k\u00e4ekiri sai tuntuks juba ANK64 aegadel. Arraku karj\u00e4\u00e4r nii metalli- kui lavastuskunstnikuna on l\u00e4bi kogemuse saavutanud tippvormi just graafikas ning maalis. Aastal 1988 Eesti NSV teeneliseks kunstnikuks tituleeritud Arrak on muuhulgas p\u00e4lvinud ka Kristjan Raua preemia, Konrad M\u00e4e medali ning Eesti Rahvuskultuuri Fondi elut\u00f6\u00f6 t\u00e4nuauhinna.<\/p>\n","protected":false},"featured_media":15215,"template":"","meta":{"_acf_changed":false},"product_brand":[],"product_cat":[415,62,59,93],"product_tag":[60],"class_list":{"0":"post-15203","1":"product","2":"type-product","3":"status-publish","4":"has-post-thumbnail","6":"product_cat-maal","7":"product_cat-joonistus","8":"product_cat-e-pood","9":"product_cat-segatehnika","10":"product_tag-e-pood","12":"first","13":"instock","14":"sold-individually","15":"shipping-taxable","16":"purchasable","17":"product-type-simple"},"acf":[],"_links":{"self":[{"href":"https:\/\/alleegalerii.ee\/en\/wp-json\/wp\/v2\/product\/15203","targetHints":{"allow":["GET"]}}],"collection":[{"href":"https:\/\/alleegalerii.ee\/en\/wp-json\/wp\/v2\/product"}],"about":[{"href":"https:\/\/alleegalerii.ee\/en\/wp-json\/wp\/v2\/types\/product"}],"wp:featuredmedia":[{"embeddable":true,"href":"https:\/\/alleegalerii.ee\/en\/wp-json\/wp\/v2\/media\/15215"}],"wp:attachment":[{"href":"https:\/\/alleegalerii.ee\/en\/wp-json\/wp\/v2\/media?parent=15203"}],"wp:term":[{"taxonomy":"product_brand","embeddable":true,"href":"https:\/\/alleegalerii.ee\/en\/wp-json\/wp\/v2\/product_brand?post=15203"},{"taxonomy":"product_cat","embeddable":true,"href":"https:\/\/alleegalerii.ee\/en\/wp-json\/wp\/v2\/product_cat?post=15203"},{"taxonomy":"product_tag","embeddable":true,"href":"https:\/\/alleegalerii.ee\/en\/wp-json\/wp\/v2\/product_tag?post=15203"}],"curies":[{"name":"wp","href":"https:\/\/api.w.org\/{rel}","templated":true}]}}