{"id":15165,"date":"2024-01-31T15:16:20","date_gmt":"2024-01-31T13:16:20","guid":{"rendered":"https:\/\/alleegalerii.ee\/?post_type=product&#038;p=15165"},"modified":"2025-03-11T17:41:08","modified_gmt":"2025-03-11T15:41:08","slug":"aleksander-pilar-udune-rannik-1987","status":"publish","type":"product","link":"https:\/\/alleegalerii.ee\/en\/shop\/aleksander-pilar-udune-rannik-1987\/","title":{"rendered":"Aleksander Pilar &#8220;Udune rannik&#8221;, 1987"},"content":{"rendered":"","protected":false},"excerpt":{"rendered":"<p>Akvarell paberil. Raamitud.<\/p>\n<p>M\u00f5\u00f5dud: ava 44 x 53,5 cm, raamiga 60 x 68 cm.<\/p>\n<p>All vasakul: Pilar 87<\/p>\n<p>1930. aastal Anatoli Kaigorodovi k\u00e4e all kunsti\u00f5pinguid alustanud Aleksander Pilarist (1912-1989) kujunes k\u00f5rgelt hinnatud akvarellist, kelle teoseid oodati alati p\u00f5nevusega n\u00e4itustele. Tema eriline tehnika kanda v\u00e4rv alusele kleebitud m\u00e4rjale paberile leidis j\u00e4rgijaid ka tema \u00f5pilaste seas.<\/p>\n<p>&#8220;Udune rannik&#8221; kannab endas vaikselt \u00e4rkava varahommikuse Eestimaa hingust. Pilar on meisterlikult edasi andnud \u00f5rnalt kallast paitava uduloori, nostalgilise meenutuse, mille rahustava emotsiooni tunneb \u00e4ra iga ranniku \u00e4\u00e4res kasvanud kunstis\u00f5ber.<\/p>\n","protected":false},"featured_media":15166,"template":"","meta":{"_acf_changed":false},"product_brand":[],"product_cat":[415,54,57,59],"product_tag":[60],"class_list":{"0":"post-15165","1":"product","2":"type-product","3":"status-publish","4":"has-post-thumbnail","6":"product_cat-maal","7":"product_cat-akvarell","8":"product_cat-muudud","9":"product_cat-e-pood","10":"product_tag-e-pood","12":"first","13":"outofstock","14":"sold-individually","15":"shipping-taxable","16":"purchasable","17":"product-type-simple"},"acf":[],"_links":{"self":[{"href":"https:\/\/alleegalerii.ee\/en\/wp-json\/wp\/v2\/product\/15165","targetHints":{"allow":["GET"]}}],"collection":[{"href":"https:\/\/alleegalerii.ee\/en\/wp-json\/wp\/v2\/product"}],"about":[{"href":"https:\/\/alleegalerii.ee\/en\/wp-json\/wp\/v2\/types\/product"}],"wp:featuredmedia":[{"embeddable":true,"href":"https:\/\/alleegalerii.ee\/en\/wp-json\/wp\/v2\/media\/15166"}],"wp:attachment":[{"href":"https:\/\/alleegalerii.ee\/en\/wp-json\/wp\/v2\/media?parent=15165"}],"wp:term":[{"taxonomy":"product_brand","embeddable":true,"href":"https:\/\/alleegalerii.ee\/en\/wp-json\/wp\/v2\/product_brand?post=15165"},{"taxonomy":"product_cat","embeddable":true,"href":"https:\/\/alleegalerii.ee\/en\/wp-json\/wp\/v2\/product_cat?post=15165"},{"taxonomy":"product_tag","embeddable":true,"href":"https:\/\/alleegalerii.ee\/en\/wp-json\/wp\/v2\/product_tag?post=15165"}],"curies":[{"name":"wp","href":"https:\/\/api.w.org\/{rel}","templated":true}]}}