{"id":15145,"date":"2024-01-23T15:02:19","date_gmt":"2024-01-23T13:02:19","guid":{"rendered":"https:\/\/alleegalerii.ee\/?post_type=product&#038;p=15145"},"modified":"2026-03-07T14:26:47","modified_gmt":"2026-03-07T12:26:47","slug":"saabumas-valdemar-vali-maastik-1954","status":"publish","type":"product","link":"https:\/\/alleegalerii.ee\/en\/shop\/saabumas-valdemar-vali-maastik-1954\/","title":{"rendered":"Valdemar V\u00e4li &#8220;Maastik \u00f5htuvalguses&#8221;, 1954"},"content":{"rendered":"","protected":false},"excerpt":{"rendered":"<p>\u00d5li l\u00f5uendil kleebitud papile. Raamitud.<\/p>\n<p>M\u00f5\u00f5dud: 25 x 35 cm, raamiga 34 x 43,5 cm.<\/p>\n<p>All paremal: V. V\u00e4li 54 a<\/p>\n<p><span style=\"font-weight: 400;\">1938. aastal Pallasesse astunud ja Ado Vabbe k\u00e4e all kunstnikuks sirgunud Valdemar V\u00e4li (vahel ka Voldemar V\u00e4li, 1909-2007) teoseid leidub nii Eesti kui v\u00e4lismaa kogudes. Portreid ning linna- ja maastikuvaateid maalinud V\u00e4li looming v\u00f5lub oma valgusk\u00e4sitlusega. K\u00e4esolev maal on selle heaks n\u00e4iteks, kus sume \u00f5htuvalgus vajutab id\u00fcllilise pitseri Eestimaa maastikule.<\/span><\/p>\n","protected":false},"featured_media":15150,"template":"","meta":{"_acf_changed":false},"product_brand":[],"product_cat":[415,56,57,59],"product_tag":[60],"class_list":{"0":"post-15145","1":"product","2":"type-product","3":"status-publish","4":"has-post-thumbnail","6":"product_cat-maal","7":"product_cat-olimaal","8":"product_cat-muudud","9":"product_cat-e-pood","10":"product_tag-e-pood","12":"first","13":"outofstock","14":"sold-individually","15":"shipping-taxable","16":"purchasable","17":"product-type-simple"},"acf":[],"_links":{"self":[{"href":"https:\/\/alleegalerii.ee\/en\/wp-json\/wp\/v2\/product\/15145","targetHints":{"allow":["GET"]}}],"collection":[{"href":"https:\/\/alleegalerii.ee\/en\/wp-json\/wp\/v2\/product"}],"about":[{"href":"https:\/\/alleegalerii.ee\/en\/wp-json\/wp\/v2\/types\/product"}],"wp:featuredmedia":[{"embeddable":true,"href":"https:\/\/alleegalerii.ee\/en\/wp-json\/wp\/v2\/media\/15150"}],"wp:attachment":[{"href":"https:\/\/alleegalerii.ee\/en\/wp-json\/wp\/v2\/media?parent=15145"}],"wp:term":[{"taxonomy":"product_brand","embeddable":true,"href":"https:\/\/alleegalerii.ee\/en\/wp-json\/wp\/v2\/product_brand?post=15145"},{"taxonomy":"product_cat","embeddable":true,"href":"https:\/\/alleegalerii.ee\/en\/wp-json\/wp\/v2\/product_cat?post=15145"},{"taxonomy":"product_tag","embeddable":true,"href":"https:\/\/alleegalerii.ee\/en\/wp-json\/wp\/v2\/product_tag?post=15145"}],"curies":[{"name":"wp","href":"https:\/\/api.w.org\/{rel}","templated":true}]}}