{"id":15125,"date":"2024-01-18T16:15:47","date_gmt":"2024-01-18T14:15:47","guid":{"rendered":"https:\/\/alleegalerii.ee\/?post_type=product&#038;p=15125"},"modified":"2026-01-14T17:25:07","modified_gmt":"2026-01-14T15:25:07","slug":"jaan-elken-labi-koiksuse-across-the-universe-2022-2023","status":"publish","type":"product","link":"https:\/\/alleegalerii.ee\/en\/shop\/jaan-elken-labi-koiksuse-across-the-universe-2022-2023\/","title":{"rendered":"Jaan Elken &#8220;L\u00e4bi k\u00f5iksuse \/ Across the universe&#8221;, 2022\/2023"},"content":{"rendered":"","protected":false},"excerpt":{"rendered":"<p>Kollaa\u017e, akr\u00fc\u00fcl l\u00f5uendil.<\/p>\n<p>M\u00f5\u00f5dud: 150 x 200 cm.<\/p>\n<p>All paremal: J. ELKEN<br \/>\nP\u00f6\u00f6rdel: JAAN ELKEN (s. 1954) &#8220;ACROSS THE UNIVERSE \/ L\u00c4BI K\u00d5IKSUSE&#8221; AKR\u00dc\u00dcL, KOLLAA\u017d \/ L\u00d5UEND 150 x 200 cm 2022\/2023<\/p>\n<p>Jaan Elkeni isikun\u00e4itusel &#8220;Camino&#8221; eksponeeritud teos &#8220;L\u00e4bi k\u00f5iksuse&#8221; h\u00f5lmab endas vihjeid tema varasele loomingule, ent ometi representeerib kunstniku k\u00e4ekirja just t\u00e4nases p\u00e4evas.\u00a0N\u00e4ituse kuraator Harry Liivrand kirjutab: &#8220;Elkeni vaheldusrikas maalikeel rabab sageli monokroomsusele l\u00e4heneva \u00fcldkoloriidi (hall) v\u00f5i domineerivale toonile (kollane, sinine) allutatud n\u00fcansseeritud v\u00e4rvilahendusega. Kasutades koos pastoosset v\u00e4rvilaavat ja \u00f5hukest, alusmaali paljastavat v\u00e4rvikihti ning kleepides l\u00f5uendile \u00fclev\u00e4rvimiseks koreda tekstuuriga kotiriide t\u00fckke, saavutab Elken t\u00f6\u00f6del skulpturaalse faktuuri \u2013 me silme ees kerkiks justkui visuaalne reljeefne kolmem\u00f5\u00f5tmeline looduspilt.&#8221;<\/p>\n","protected":false},"featured_media":15189,"template":"","meta":{"_acf_changed":false},"product_brand":[],"product_cat":[415,59,93],"product_tag":[60],"class_list":{"0":"post-15125","1":"product","2":"type-product","3":"status-publish","4":"has-post-thumbnail","6":"product_cat-maal","7":"product_cat-e-pood","8":"product_cat-segatehnika","9":"product_tag-e-pood","11":"first","12":"outofstock","13":"sold-individually","14":"shipping-taxable","15":"purchasable","16":"product-type-simple"},"acf":[],"_links":{"self":[{"href":"https:\/\/alleegalerii.ee\/en\/wp-json\/wp\/v2\/product\/15125","targetHints":{"allow":["GET"]}}],"collection":[{"href":"https:\/\/alleegalerii.ee\/en\/wp-json\/wp\/v2\/product"}],"about":[{"href":"https:\/\/alleegalerii.ee\/en\/wp-json\/wp\/v2\/types\/product"}],"wp:featuredmedia":[{"embeddable":true,"href":"https:\/\/alleegalerii.ee\/en\/wp-json\/wp\/v2\/media\/15189"}],"wp:attachment":[{"href":"https:\/\/alleegalerii.ee\/en\/wp-json\/wp\/v2\/media?parent=15125"}],"wp:term":[{"taxonomy":"product_brand","embeddable":true,"href":"https:\/\/alleegalerii.ee\/en\/wp-json\/wp\/v2\/product_brand?post=15125"},{"taxonomy":"product_cat","embeddable":true,"href":"https:\/\/alleegalerii.ee\/en\/wp-json\/wp\/v2\/product_cat?post=15125"},{"taxonomy":"product_tag","embeddable":true,"href":"https:\/\/alleegalerii.ee\/en\/wp-json\/wp\/v2\/product_tag?post=15125"}],"curies":[{"name":"wp","href":"https:\/\/api.w.org\/{rel}","templated":true}]}}