{"id":15123,"date":"2024-01-18T16:07:42","date_gmt":"2024-01-18T14:07:42","guid":{"rendered":"https:\/\/alleegalerii.ee\/?post_type=product&#038;p=15123"},"modified":"2026-01-14T17:24:18","modified_gmt":"2026-01-14T15:24:18","slug":"jaan-elken-angkor-wat-jumalik-ilu-taaskulastatud-angkor-wat-divine-beauty-revisited-2021-2024","status":"publish","type":"product","link":"https:\/\/alleegalerii.ee\/en\/shop\/jaan-elken-angkor-wat-jumalik-ilu-taaskulastatud-angkor-wat-divine-beauty-revisited-2021-2024\/","title":{"rendered":"Jaan Elken &#8220;Angkor wat. Jumalik ilu taask\u00fclastatud \/ Angkor wat. Divine beauty revisited&#8221;, 2021\/2024"},"content":{"rendered":"","protected":false},"excerpt":{"rendered":"<p>Kollaa\u017e, akr\u00fc\u00fcl l\u00f5uendil.<\/p>\n<p>M\u00f5\u00f5dud: 120 x 150 cm.<\/p>\n<p>All paremal: J. ELKEN<br \/>\nP\u00f6\u00f6rdel: JAAN ELKEN (s. 1954) &#8220;ANGKOR WAT. DIVINE BEAUTY REVISITED \/ ANGKOR WAT. JUMALIK ILU TAASK\u00dcLASTATUD&#8221; AKR\u00dc\u00dcL, KOLLAA\u017d \/ L\u00d5UEND 2021\/2024<\/p>\n","protected":false},"featured_media":15190,"template":"","meta":{"_acf_changed":false},"product_brand":[],"product_cat":[415,57,59,93],"product_tag":[60],"class_list":{"0":"post-15123","1":"product","2":"type-product","3":"status-publish","4":"has-post-thumbnail","6":"product_cat-maal","7":"product_cat-muudud","8":"product_cat-e-pood","9":"product_cat-segatehnika","10":"product_tag-e-pood","12":"first","13":"outofstock","14":"sold-individually","15":"shipping-taxable","16":"purchasable","17":"product-type-simple"},"acf":[],"_links":{"self":[{"href":"https:\/\/alleegalerii.ee\/en\/wp-json\/wp\/v2\/product\/15123","targetHints":{"allow":["GET"]}}],"collection":[{"href":"https:\/\/alleegalerii.ee\/en\/wp-json\/wp\/v2\/product"}],"about":[{"href":"https:\/\/alleegalerii.ee\/en\/wp-json\/wp\/v2\/types\/product"}],"wp:featuredmedia":[{"embeddable":true,"href":"https:\/\/alleegalerii.ee\/en\/wp-json\/wp\/v2\/media\/15190"}],"wp:attachment":[{"href":"https:\/\/alleegalerii.ee\/en\/wp-json\/wp\/v2\/media?parent=15123"}],"wp:term":[{"taxonomy":"product_brand","embeddable":true,"href":"https:\/\/alleegalerii.ee\/en\/wp-json\/wp\/v2\/product_brand?post=15123"},{"taxonomy":"product_cat","embeddable":true,"href":"https:\/\/alleegalerii.ee\/en\/wp-json\/wp\/v2\/product_cat?post=15123"},{"taxonomy":"product_tag","embeddable":true,"href":"https:\/\/alleegalerii.ee\/en\/wp-json\/wp\/v2\/product_tag?post=15123"}],"curies":[{"name":"wp","href":"https:\/\/api.w.org\/{rel}","templated":true}]}}