{"id":15121,"date":"2024-01-18T16:03:16","date_gmt":"2024-01-18T14:03:16","guid":{"rendered":"https:\/\/alleegalerii.ee\/?post_type=product&#038;p=15121"},"modified":"2026-01-14T17:24:48","modified_gmt":"2026-01-14T15:24:48","slug":"jaan-elken-zhangjiajie-mountains-revisited-2022-2024","status":"publish","type":"product","link":"https:\/\/alleegalerii.ee\/en\/shop\/jaan-elken-zhangjiajie-mountains-revisited-2022-2024\/","title":{"rendered":"Jaan Elken &#8220;Zhangjiajie mountains revisited&#8221;, 2022\/2024"},"content":{"rendered":"","protected":false},"excerpt":{"rendered":"<p>Kollaa\u017e, akr\u00fc\u00fcl l\u00f5uendil.<\/p>\n<p>M\u00f5\u00f5dud: 150 x 200 cm.<\/p>\n<p>All paremal: ZHANGJIAJIE J. ELKEN<br \/>\nP\u00f6\u00f6rdel: JAAN ELKEN (s. 1954) &#8220;ZHANGJIAJIE MOUNTAINS REVISITED&#8221; AKR\u00dc\u00dcL, KOLLAA\u017d, L\u00d5UEND 150 x 200 cm 2022\/2024<\/p>\n<p>Eesti abstraktse kunsti \u00fche juhtfiguuri, Jaan Elkeni n\u00e4gemuses v\u00f5tab Hiinas asuv Zhangjiajie m\u00e4estik kirgliku, ebamaiselt\u00a0abstraheeritud kuju. K\u00e4sitledes l\u00f5uendit kui platsi meditatiivsele enesereflektsioonile, defineerib Elken end vindunud<br \/>\nromantikuna, kelle maalitud kujundid tekivad pigem instinktiivselt kui s\u00fcsteemselt. Maali inspireerinud m\u00e4gedes mitmeid kordi inspiratsiooni kogumas k\u00e4inud kunstniku jaoks avab see muinasjutuline maastik end l\u00e4bi ergastava sinise ja karge valge v\u00e4estava kombinatsiooni.<\/p>\n","protected":false},"featured_media":15195,"template":"","meta":{"_acf_changed":false},"product_brand":[],"product_cat":[415,59,93],"product_tag":[60],"class_list":{"0":"post-15121","1":"product","2":"type-product","3":"status-publish","4":"has-post-thumbnail","6":"product_cat-maal","7":"product_cat-e-pood","8":"product_cat-segatehnika","9":"product_tag-e-pood","11":"first","12":"outofstock","13":"sold-individually","14":"shipping-taxable","15":"purchasable","16":"product-type-simple"},"acf":[],"_links":{"self":[{"href":"https:\/\/alleegalerii.ee\/en\/wp-json\/wp\/v2\/product\/15121","targetHints":{"allow":["GET"]}}],"collection":[{"href":"https:\/\/alleegalerii.ee\/en\/wp-json\/wp\/v2\/product"}],"about":[{"href":"https:\/\/alleegalerii.ee\/en\/wp-json\/wp\/v2\/types\/product"}],"wp:featuredmedia":[{"embeddable":true,"href":"https:\/\/alleegalerii.ee\/en\/wp-json\/wp\/v2\/media\/15195"}],"wp:attachment":[{"href":"https:\/\/alleegalerii.ee\/en\/wp-json\/wp\/v2\/media?parent=15121"}],"wp:term":[{"taxonomy":"product_brand","embeddable":true,"href":"https:\/\/alleegalerii.ee\/en\/wp-json\/wp\/v2\/product_brand?post=15121"},{"taxonomy":"product_cat","embeddable":true,"href":"https:\/\/alleegalerii.ee\/en\/wp-json\/wp\/v2\/product_cat?post=15121"},{"taxonomy":"product_tag","embeddable":true,"href":"https:\/\/alleegalerii.ee\/en\/wp-json\/wp\/v2\/product_tag?post=15121"}],"curies":[{"name":"wp","href":"https:\/\/api.w.org\/{rel}","templated":true}]}}