{"id":15119,"date":"2024-01-18T15:58:06","date_gmt":"2024-01-18T13:58:06","guid":{"rendered":"https:\/\/alleegalerii.ee\/?post_type=product&#038;p=15119"},"modified":"2026-01-14T17:25:12","modified_gmt":"2026-01-14T15:25:12","slug":"jaan-elken-voorad-linnad-2005-2024","status":"publish","type":"product","link":"https:\/\/alleegalerii.ee\/en\/shop\/jaan-elken-voorad-linnad-2005-2024\/","title":{"rendered":"Jaan Elken &#8220;V\u00f5\u00f5rad linnad&#8221;, 2005-2024"},"content":{"rendered":"","protected":false},"excerpt":{"rendered":"<p>Kollaa\u017e, akr\u00fc\u00fcl l\u00f5uendil.<\/p>\n<p>M\u00f5\u00f5dud: 80 x 120 cm.<\/p>\n<p>P\u00f6\u00f6rdel: JAAN ELKEN (s. 1954) &#8220;V\u00d5\u00d5RAD LINNAD&#8221; AKR\u00dc\u00dcL, KOLLAA\u017d, L\u00d5UEND 80 x 120 cm 2005-2024<\/p>\n<p>2024. aastal Allee galeriis toimunud Jaan Elkeni isikun\u00e4itusel &#8220;Camino&#8221; eksponeeritud teosel on kunstniku r\u00e4nnakutest inspireeritud urbanistlik maastik v\u00f5tnud abstraheeritud kuju. &#8220;V\u00f5\u00f5rad linnad&#8221; on justkui unen\u00e4oline n\u00e4gemus, kus teose keskele fokusseeritud k\u00f5rghooned sulanduvad vikerkaart meenutava s\u00fcdamega \u00fchtseks tervikuks. \u00d5huke v\u00e4rvikiht vaheldub tihkete esiletungivate toonim\u00fcgaritega, tuues Elkeni kogemuse uue linna avastamisest f\u00fc\u00fcsiliselt otse vaataja silme alla.<\/p>\n","protected":false},"featured_media":15191,"template":"","meta":{"_acf_changed":false},"product_brand":[],"product_cat":[415,59,93],"product_tag":[60],"class_list":{"0":"post-15119","1":"product","2":"type-product","3":"status-publish","4":"has-post-thumbnail","6":"product_cat-maal","7":"product_cat-e-pood","8":"product_cat-segatehnika","9":"product_tag-e-pood","11":"first","12":"outofstock","13":"sold-individually","14":"shipping-taxable","15":"purchasable","16":"product-type-simple"},"acf":[],"_links":{"self":[{"href":"https:\/\/alleegalerii.ee\/en\/wp-json\/wp\/v2\/product\/15119","targetHints":{"allow":["GET"]}}],"collection":[{"href":"https:\/\/alleegalerii.ee\/en\/wp-json\/wp\/v2\/product"}],"about":[{"href":"https:\/\/alleegalerii.ee\/en\/wp-json\/wp\/v2\/types\/product"}],"wp:featuredmedia":[{"embeddable":true,"href":"https:\/\/alleegalerii.ee\/en\/wp-json\/wp\/v2\/media\/15191"}],"wp:attachment":[{"href":"https:\/\/alleegalerii.ee\/en\/wp-json\/wp\/v2\/media?parent=15119"}],"wp:term":[{"taxonomy":"product_brand","embeddable":true,"href":"https:\/\/alleegalerii.ee\/en\/wp-json\/wp\/v2\/product_brand?post=15119"},{"taxonomy":"product_cat","embeddable":true,"href":"https:\/\/alleegalerii.ee\/en\/wp-json\/wp\/v2\/product_cat?post=15119"},{"taxonomy":"product_tag","embeddable":true,"href":"https:\/\/alleegalerii.ee\/en\/wp-json\/wp\/v2\/product_tag?post=15119"}],"curies":[{"name":"wp","href":"https:\/\/api.w.org\/{rel}","templated":true}]}}