{"id":15117,"date":"2024-01-18T15:39:42","date_gmt":"2024-01-18T13:39:42","guid":{"rendered":"https:\/\/alleegalerii.ee\/?post_type=product&#038;p=15117"},"modified":"2026-01-14T17:24:39","modified_gmt":"2026-01-14T15:24:39","slug":"jaan-elken-the-darker-side-2006","status":"publish","type":"product","link":"https:\/\/alleegalerii.ee\/en\/shop\/jaan-elken-the-darker-side-2006\/","title":{"rendered":"Jaan Elken &#8220;The darker side&#8221;, 2006"},"content":{"rendered":"","protected":false},"excerpt":{"rendered":"<p>Kollaa\u017e, \u00f5li ja akr\u00fc\u00fcl l\u00f5uendil.<\/p>\n<p>M\u00f5\u00f5dud: 125 x 150 cm.<\/p>\n<p>All paremal: J. ELKEN<br \/>\nP\u00f6\u00f6rdel: JAAN ELKEN (s. 1954) &#8220;THE DARKER SIDE&#8221; 125 x 150, 2006 A, \u00d5LI, AKR\u00dc\u00dcL, KOLLAA\u017d \/ L\u00d5UEND<\/p>\n","protected":false},"featured_media":15197,"template":"","meta":{"_acf_changed":false},"product_brand":[],"product_cat":[415,57,59,93],"product_tag":[60],"class_list":{"0":"post-15117","1":"product","2":"type-product","3":"status-publish","4":"has-post-thumbnail","6":"product_cat-maal","7":"product_cat-muudud","8":"product_cat-e-pood","9":"product_cat-segatehnika","10":"product_tag-e-pood","12":"first","13":"outofstock","14":"sold-individually","15":"shipping-taxable","16":"purchasable","17":"product-type-simple"},"acf":[],"_links":{"self":[{"href":"https:\/\/alleegalerii.ee\/en\/wp-json\/wp\/v2\/product\/15117","targetHints":{"allow":["GET"]}}],"collection":[{"href":"https:\/\/alleegalerii.ee\/en\/wp-json\/wp\/v2\/product"}],"about":[{"href":"https:\/\/alleegalerii.ee\/en\/wp-json\/wp\/v2\/types\/product"}],"wp:featuredmedia":[{"embeddable":true,"href":"https:\/\/alleegalerii.ee\/en\/wp-json\/wp\/v2\/media\/15197"}],"wp:attachment":[{"href":"https:\/\/alleegalerii.ee\/en\/wp-json\/wp\/v2\/media?parent=15117"}],"wp:term":[{"taxonomy":"product_brand","embeddable":true,"href":"https:\/\/alleegalerii.ee\/en\/wp-json\/wp\/v2\/product_brand?post=15117"},{"taxonomy":"product_cat","embeddable":true,"href":"https:\/\/alleegalerii.ee\/en\/wp-json\/wp\/v2\/product_cat?post=15117"},{"taxonomy":"product_tag","embeddable":true,"href":"https:\/\/alleegalerii.ee\/en\/wp-json\/wp\/v2\/product_tag?post=15117"}],"curies":[{"name":"wp","href":"https:\/\/api.w.org\/{rel}","templated":true}]}}