{"id":15108,"date":"2024-01-18T15:16:12","date_gmt":"2024-01-18T13:16:12","guid":{"rendered":"https:\/\/alleegalerii.ee\/?post_type=product&#038;p=15108"},"modified":"2026-01-14T17:24:32","modified_gmt":"2026-01-14T15:24:32","slug":"jaan-elken-jaapan-ei-ole-kaugel-i-2020-2021","status":"publish","type":"product","link":"https:\/\/alleegalerii.ee\/en\/shop\/jaan-elken-jaapan-ei-ole-kaugel-i-2020-2021\/","title":{"rendered":"Jaan Elken &#8220;Jaapan ei ole kaugel I&#8221;, 2020-2021"},"content":{"rendered":"","protected":false},"excerpt":{"rendered":"<p>M\u00dc\u00dcDUD<\/p>\n<p>Kollaa\u017e, akr\u00fc\u00fcl l\u00f5uendil.<\/p>\n<p>M\u00f5\u00f5dud: 40 x 50 cm.<\/p>\n<p>All paremal: JAAN ELKEN<br \/>\nP\u00f6\u00f6rdel: JAAN ELKEN (s. 1954) &#8220;JAAPAN EI OLE KAUGEL I&#8221; AKR\u00dc\u00dcL, KOLLAA\u017d \/ L\u00d5UEND 40 x 50 cm 2020-2021<\/p>\n<p>Tohutu reisi-, maalija- ning pedagoogikogemusega Jaan Elken kannab enda m\u00f5tted ja emotsioonid l\u00f5uendile kiht kihi haaval ja nii j\u00e4\u00e4b t\u00f6\u00f6 alustamise ja valmimise hetke vahele sageli mitu aastat. Idamaade loodusest inspireeritud teos &#8220;Jaapan ei ole kaugel I&#8221; viitab otseselt t\u00f5usva p\u00e4ikese maa selgelt \u00e4ratuntavale s\u00fcmboolikale, kuid flirdib samaaegselt ka kunstniku kodumaale omase p\u00f5hjamaise kargusega.<\/p>\n","protected":false},"featured_media":15194,"template":"","meta":{"_acf_changed":false},"product_brand":[],"product_cat":[415,57,59,93],"product_tag":[60],"class_list":{"0":"post-15108","1":"product","2":"type-product","3":"status-publish","4":"has-post-thumbnail","6":"product_cat-maal","7":"product_cat-muudud","8":"product_cat-e-pood","9":"product_cat-segatehnika","10":"product_tag-e-pood","12":"first","13":"outofstock","14":"sold-individually","15":"shipping-taxable","16":"product-type-simple"},"acf":[],"_links":{"self":[{"href":"https:\/\/alleegalerii.ee\/en\/wp-json\/wp\/v2\/product\/15108","targetHints":{"allow":["GET"]}}],"collection":[{"href":"https:\/\/alleegalerii.ee\/en\/wp-json\/wp\/v2\/product"}],"about":[{"href":"https:\/\/alleegalerii.ee\/en\/wp-json\/wp\/v2\/types\/product"}],"wp:featuredmedia":[{"embeddable":true,"href":"https:\/\/alleegalerii.ee\/en\/wp-json\/wp\/v2\/media\/15194"}],"wp:attachment":[{"href":"https:\/\/alleegalerii.ee\/en\/wp-json\/wp\/v2\/media?parent=15108"}],"wp:term":[{"taxonomy":"product_brand","embeddable":true,"href":"https:\/\/alleegalerii.ee\/en\/wp-json\/wp\/v2\/product_brand?post=15108"},{"taxonomy":"product_cat","embeddable":true,"href":"https:\/\/alleegalerii.ee\/en\/wp-json\/wp\/v2\/product_cat?post=15108"},{"taxonomy":"product_tag","embeddable":true,"href":"https:\/\/alleegalerii.ee\/en\/wp-json\/wp\/v2\/product_tag?post=15108"}],"curies":[{"name":"wp","href":"https:\/\/api.w.org\/{rel}","templated":true}]}}