{"id":15105,"date":"2024-01-18T14:46:34","date_gmt":"2024-01-18T12:46:34","guid":{"rendered":"https:\/\/alleegalerii.ee\/?post_type=product&#038;p=15105"},"modified":"2026-01-14T16:00:57","modified_gmt":"2026-01-14T14:00:57","slug":"jaan-elken-sinine-laguun-blue-lagoon-2022-2024","status":"publish","type":"product","link":"https:\/\/alleegalerii.ee\/en\/shop\/jaan-elken-sinine-laguun-blue-lagoon-2022-2024\/","title":{"rendered":"Jaan Elken &#8220;Sinine laguun \/ Blue lagoon&#8221;, 2022\/2024"},"content":{"rendered":"","protected":false},"excerpt":{"rendered":"<p>Kollaa\u017e, akr\u00fc\u00fcl l\u00f5uendil.<\/p>\n<p>M\u00f5\u00f5dud: 120 x 150 cm.<\/p>\n<p>All paremal: 2022\/24 J. ELKEN<br \/>\nP\u00f6\u00f6rdel: JAAN ELKEN (s. 1954) &#8220;SININE LAGUUN \/ BLUE LAGOON&#8221; AKR\u00dc\u00dcL, KOLLAA\u017d, L\u00d5UEND 120 x 150 cm 2022\/2024<\/p>\n<p>2024. aastal Allee galeriis toimunud Jaan Elkeni isikun\u00e4itusel &#8220;Camino&#8221; eksponeeritud teosel on Islandi liustikest inspireeritud maastik v\u00f5tnud kirgliku abstraheeritud kuju. Elkeni r\u00e4nnakud nii f\u00fc\u00fcsilises kui meditatiivses, enesereflektsiooniga tegelevas maailmas leiavad v\u00e4ljundi maalides, milles kujundid tekivad pigem instinktiivselt kui s\u00fcsteemselt. Mitmet\u00e4hendusliku s\u00f5numi lahtimuukimise j\u00e4tab kunstnik aga vaatajale.<\/p>\n","protected":false},"featured_media":15202,"template":"","meta":{"_acf_changed":false},"product_brand":[],"product_cat":[415,350,59,93,96],"product_tag":[60],"class_list":{"0":"post-15105","1":"product","2":"type-product","3":"status-publish","4":"has-post-thumbnail","6":"product_cat-maal","7":"product_cat-kollaaz","8":"product_cat-e-pood","9":"product_cat-segatehnika","10":"product_cat-akruul","11":"product_tag-e-pood","13":"first","14":"instock","15":"sold-individually","16":"shipping-taxable","17":"purchasable","18":"product-type-simple"},"acf":[],"_links":{"self":[{"href":"https:\/\/alleegalerii.ee\/en\/wp-json\/wp\/v2\/product\/15105","targetHints":{"allow":["GET"]}}],"collection":[{"href":"https:\/\/alleegalerii.ee\/en\/wp-json\/wp\/v2\/product"}],"about":[{"href":"https:\/\/alleegalerii.ee\/en\/wp-json\/wp\/v2\/types\/product"}],"wp:featuredmedia":[{"embeddable":true,"href":"https:\/\/alleegalerii.ee\/en\/wp-json\/wp\/v2\/media\/15202"}],"wp:attachment":[{"href":"https:\/\/alleegalerii.ee\/en\/wp-json\/wp\/v2\/media?parent=15105"}],"wp:term":[{"taxonomy":"product_brand","embeddable":true,"href":"https:\/\/alleegalerii.ee\/en\/wp-json\/wp\/v2\/product_brand?post=15105"},{"taxonomy":"product_cat","embeddable":true,"href":"https:\/\/alleegalerii.ee\/en\/wp-json\/wp\/v2\/product_cat?post=15105"},{"taxonomy":"product_tag","embeddable":true,"href":"https:\/\/alleegalerii.ee\/en\/wp-json\/wp\/v2\/product_tag?post=15105"}],"curies":[{"name":"wp","href":"https:\/\/api.w.org\/{rel}","templated":true}]}}