{"id":15104,"date":"2024-01-18T14:44:30","date_gmt":"2024-01-18T12:44:30","guid":{"rendered":"https:\/\/alleegalerii.ee\/?post_type=product&#038;p=15104"},"modified":"2026-01-14T17:25:33","modified_gmt":"2026-01-14T15:25:33","slug":"jaan-elken-ice-on-the-rocks-2022-2023","status":"publish","type":"product","link":"https:\/\/alleegalerii.ee\/en\/shop\/jaan-elken-ice-on-the-rocks-2022-2023\/","title":{"rendered":"Jaan Elken &#8220;Ice on the rocks&#8221;, 2022\/2023"},"content":{"rendered":"","protected":false},"excerpt":{"rendered":"<p>M\u00dc\u00dcDUD<\/p>\n<p>Kollaa\u017e, akr\u00fc\u00fcl l\u00f5uendil.<\/p>\n<p>M\u00f5\u00f5dud: 50 x 60 cm.<\/p>\n<p>All paremal: J. ELKEN<br \/>\nP\u00f6\u00f6rdel: JAAN ELKEN (s. 1954) &#8220;ICE ON THE ROCKS&#8221; ACRYLIC, COLLAGE, CANVAS 50 x 60 cm 2022\/2023<\/p>\n<p>Jaan Elken \u00fchendab oma teosteis s\u00f5na ja v\u00e4rvi, \u017eongleerides v\u00f5rdselt mitmet\u00e4henduslikult ja teravalt m\u00f5lemaga. Nii peidab k\u00e4esoleva teose j\u00e4iselt k\u00f5lava pealkirja taga end tunduvalt soojem v\u00e4rvigamma. P\u00f5nevalt vastuoluline on ka tooniderikas &#8220;valge kuup&#8221;, mis Elkeni k\u00e4e all muutub v\u00e4rskendavalt elamusterohkeks r\u00e4nnakuks imaginaarses maailmaruumis.<\/p>\n<p>&nbsp;<\/p>\n","protected":false},"featured_media":15187,"template":"","meta":{"_acf_changed":false},"product_brand":[],"product_cat":[415,59,93],"product_tag":[60],"class_list":{"0":"post-15104","1":"product","2":"type-product","3":"status-publish","4":"has-post-thumbnail","6":"product_cat-maal","7":"product_cat-e-pood","8":"product_cat-segatehnika","9":"product_tag-e-pood","11":"first","12":"outofstock","13":"sold-individually","14":"shipping-taxable","15":"purchasable","16":"product-type-simple"},"acf":[],"_links":{"self":[{"href":"https:\/\/alleegalerii.ee\/en\/wp-json\/wp\/v2\/product\/15104","targetHints":{"allow":["GET"]}}],"collection":[{"href":"https:\/\/alleegalerii.ee\/en\/wp-json\/wp\/v2\/product"}],"about":[{"href":"https:\/\/alleegalerii.ee\/en\/wp-json\/wp\/v2\/types\/product"}],"wp:featuredmedia":[{"embeddable":true,"href":"https:\/\/alleegalerii.ee\/en\/wp-json\/wp\/v2\/media\/15187"}],"wp:attachment":[{"href":"https:\/\/alleegalerii.ee\/en\/wp-json\/wp\/v2\/media?parent=15104"}],"wp:term":[{"taxonomy":"product_brand","embeddable":true,"href":"https:\/\/alleegalerii.ee\/en\/wp-json\/wp\/v2\/product_brand?post=15104"},{"taxonomy":"product_cat","embeddable":true,"href":"https:\/\/alleegalerii.ee\/en\/wp-json\/wp\/v2\/product_cat?post=15104"},{"taxonomy":"product_tag","embeddable":true,"href":"https:\/\/alleegalerii.ee\/en\/wp-json\/wp\/v2\/product_tag?post=15104"}],"curies":[{"name":"wp","href":"https:\/\/api.w.org\/{rel}","templated":true}]}}