{"id":15102,"date":"2024-01-18T14:37:52","date_gmt":"2024-01-18T12:37:52","guid":{"rendered":"https:\/\/alleegalerii.ee\/?post_type=product&#038;p=15102"},"modified":"2026-01-14T17:25:19","modified_gmt":"2026-01-14T15:25:19","slug":"jaan-elken-ice-on-the-rocks-vi-2022-2023","status":"publish","type":"product","link":"https:\/\/alleegalerii.ee\/en\/shop\/jaan-elken-ice-on-the-rocks-vi-2022-2023\/","title":{"rendered":"Jaan Elken &#8220;Ice on the rocks VI&#8221;, 2022\/2023"},"content":{"rendered":"","protected":false},"excerpt":{"rendered":"<p>Kollaa\u017e, akr\u00fc\u00fcl l\u00f5uendil.<\/p>\n<p>M\u00f5\u00f5dud: 50 x 60 cm.<\/p>\n<p>P\u00f6\u00f6rdel: JAAN ELKEN (B. 1954) &#8220;ICE ON THE ROCKS VI&#8221; ACRYLIC, COLLAGE \/ CANVAS 50 x 60 cm 2022\/2023<\/p>\n<p>Tohutu reisi-, maalija- ning pedagoogikogemusega Jaan Elken kannab enda m\u00f5tted ja emotsioonid l\u00f5uendile kiht kihi haaval ja nii j\u00e4\u00e4b t\u00f6\u00f6 alustamise ja valmimise hetke vahele sageli mitu aastat. Abstraktse kunsti \u00fche juhtfiguuri t\u00f6\u00f6dest ei leia me enamasti konkreetseid objekte, kuid seda enam sisaldavad need konkreetseid m\u00e4lestusi Elkeni enda elust, jutustusi emotsioonidest ja reisimuljetest. Teose lahti kodeerimiseks j\u00e4tab kunstnik aga sageli s\u00f5numeid l\u00e4bi fraaside v\u00f5i \u00fcksikute s\u00f5nade kraapimise maali pinnale. Vahel peitub v\u00f5ti kunstniku ja vaataja vahelise m\u00f5istmise lahti murdmiseks aga hoopis pealkirjas, mist\u00f5ttu vajab Elkeni looming s\u00fcvenemist ning t\u00e4helepanelikku kaasam\u00f5tlemist.<\/p>\n","protected":false},"featured_media":15186,"template":"","meta":{"_acf_changed":false},"product_brand":[],"product_cat":[415,59,93],"product_tag":[60],"class_list":{"0":"post-15102","1":"product","2":"type-product","3":"status-publish","4":"has-post-thumbnail","6":"product_cat-maal","7":"product_cat-e-pood","8":"product_cat-segatehnika","9":"product_tag-e-pood","11":"first","12":"outofstock","13":"sold-individually","14":"shipping-taxable","15":"purchasable","16":"product-type-simple"},"acf":[],"_links":{"self":[{"href":"https:\/\/alleegalerii.ee\/en\/wp-json\/wp\/v2\/product\/15102","targetHints":{"allow":["GET"]}}],"collection":[{"href":"https:\/\/alleegalerii.ee\/en\/wp-json\/wp\/v2\/product"}],"about":[{"href":"https:\/\/alleegalerii.ee\/en\/wp-json\/wp\/v2\/types\/product"}],"wp:featuredmedia":[{"embeddable":true,"href":"https:\/\/alleegalerii.ee\/en\/wp-json\/wp\/v2\/media\/15186"}],"wp:attachment":[{"href":"https:\/\/alleegalerii.ee\/en\/wp-json\/wp\/v2\/media?parent=15102"}],"wp:term":[{"taxonomy":"product_brand","embeddable":true,"href":"https:\/\/alleegalerii.ee\/en\/wp-json\/wp\/v2\/product_brand?post=15102"},{"taxonomy":"product_cat","embeddable":true,"href":"https:\/\/alleegalerii.ee\/en\/wp-json\/wp\/v2\/product_cat?post=15102"},{"taxonomy":"product_tag","embeddable":true,"href":"https:\/\/alleegalerii.ee\/en\/wp-json\/wp\/v2\/product_tag?post=15102"}],"curies":[{"name":"wp","href":"https:\/\/api.w.org\/{rel}","templated":true}]}}