{"id":15101,"date":"2024-01-18T14:33:16","date_gmt":"2024-01-18T12:33:16","guid":{"rendered":"https:\/\/alleegalerii.ee\/?post_type=product&#038;p=15101"},"modified":"2026-01-14T17:25:27","modified_gmt":"2026-01-14T15:25:27","slug":"bron-jaan-elken-eliasid-salazar-2021-2022","status":"publish","type":"product","link":"https:\/\/alleegalerii.ee\/en\/shop\/bron-jaan-elken-eliasid-salazar-2021-2022\/","title":{"rendered":"Jaan Elken &#8220;Eliasid salazar&#8221;, 2021-2022"},"content":{"rendered":"","protected":false},"excerpt":{"rendered":"<p>M\u00dc\u00dcDUD<\/p>\n<p>Kollaa\u017e, akr\u00fc\u00fcl l\u00f5uendil.<\/p>\n<p>M\u00f5\u00f5dud: 120 x 150 cm.<\/p>\n<p>All paremal: J. ELKEN<br \/>\nP\u00f6\u00f6rdel: JAAN ELKEN (B. 1954) &#8220;ELIASID SALAZAR&#8221; ACRYLIC, COLLAGE, CANVAS 120 x 150 cm 2021-2022<\/p>\n<p>2024. aastal Allee galeriis toimunud Jaan Elkeni isikun\u00e4itusel &#8220;Camino&#8221; eksponeeritud teos &#8220;Eliasid Salazar&#8221; on \u00fcks tema reisidest inspireeritud sarja kuuluvatest teostest, mis on osalenud ka varasematel kunstniku n\u00e4itustel. Teosel on h\u00e4sti esindatud Elkeni vaheldusrikas ja kirglik maalistiil, mis pakub avastusr\u00f5\u00f5mu igal ruutsentimeetril &#8211; vaheldumisi \u00f5hukese v\u00e4rvikihiga kerkivad esile j\u00f5ulised v\u00e4rvim\u00fcgarikud. Justkui peidetud sisu avaneb nii vaatajale kiht-kihi haaval.<\/p>\n<p>&nbsp;<\/p>\n","protected":false},"featured_media":15200,"template":"","meta":{"_acf_changed":false},"product_brand":[],"product_cat":[415,57,59,93],"product_tag":[60],"class_list":{"0":"post-15101","1":"product","2":"type-product","3":"status-publish","4":"has-post-thumbnail","6":"product_cat-maal","7":"product_cat-muudud","8":"product_cat-e-pood","9":"product_cat-segatehnika","10":"product_tag-e-pood","12":"first","13":"outofstock","14":"sold-individually","15":"shipping-taxable","16":"purchasable","17":"product-type-simple"},"acf":[],"_links":{"self":[{"href":"https:\/\/alleegalerii.ee\/en\/wp-json\/wp\/v2\/product\/15101","targetHints":{"allow":["GET"]}}],"collection":[{"href":"https:\/\/alleegalerii.ee\/en\/wp-json\/wp\/v2\/product"}],"about":[{"href":"https:\/\/alleegalerii.ee\/en\/wp-json\/wp\/v2\/types\/product"}],"wp:featuredmedia":[{"embeddable":true,"href":"https:\/\/alleegalerii.ee\/en\/wp-json\/wp\/v2\/media\/15200"}],"wp:attachment":[{"href":"https:\/\/alleegalerii.ee\/en\/wp-json\/wp\/v2\/media?parent=15101"}],"wp:term":[{"taxonomy":"product_brand","embeddable":true,"href":"https:\/\/alleegalerii.ee\/en\/wp-json\/wp\/v2\/product_brand?post=15101"},{"taxonomy":"product_cat","embeddable":true,"href":"https:\/\/alleegalerii.ee\/en\/wp-json\/wp\/v2\/product_cat?post=15101"},{"taxonomy":"product_tag","embeddable":true,"href":"https:\/\/alleegalerii.ee\/en\/wp-json\/wp\/v2\/product_tag?post=15101"}],"curies":[{"name":"wp","href":"https:\/\/api.w.org\/{rel}","templated":true}]}}