{"id":15097,"date":"2024-01-18T13:09:43","date_gmt":"2024-01-18T11:09:43","guid":{"rendered":"https:\/\/alleegalerii.ee\/?post_type=product&#038;p=15097"},"modified":"2024-02-07T16:44:14","modified_gmt":"2024-02-07T14:44:14","slug":"jaan-elken","status":"publish","type":"product","link":"https:\/\/alleegalerii.ee\/en\/shop\/jaan-elken\/","title":{"rendered":"Ants Juske, Harry Liivrand, Rauno Thomas Moss &#8220;Jaan Elken&#8221;, 2011"},"content":{"rendered":"","protected":false},"excerpt":{"rendered":"<p>Raamat. K\u00f5vakaaneline, 396 lk.<\/p>\n<p>Jaan Elkeni (s 1954) monograafia mahukas isikukataloog sisaldab Ants Juske teksti \u201eJaan Elkeni looming \u2013 vahekokkuv\u00f5te\u201d, mille alajaotustes \u201eKontseptualism\u201d, \u201eH\u00fcperrealism\u201d, \u201eTekst ja pilt\u201d on kokku v\u00f5etud maalikunstniku n\u00fc\u00fcdseks \u00fcle kolme aastak\u00fcmne kestnud looming. Kunstniku stilistilised r\u00e4nnakud h\u00fcperrealismist abstraktse ekspressionismi suunas on Ants Juske argumenteeritult l\u00e4bi anal\u00fc\u00fcsinud.<\/p>\n<p>Harry Liivranna meilivestlus Jaan Elkeniga (13.12.2009 \u2013 10.02.2010) sisaldab viiteid mitmetele elulooseikadele, kunstniku taustainformatsioon pakub kahtlemata huvi neilegi, kel esmatutvus kunstniku loominguga juba tehtud.<\/p>\n","protected":false},"featured_media":15098,"template":"","meta":{"_acf_changed":false},"product_brand":[],"product_cat":[55,59],"product_tag":[60],"class_list":{"0":"post-15097","1":"product","2":"type-product","3":"status-publish","4":"has-post-thumbnail","6":"product_cat-raamatud","7":"product_cat-e-pood","8":"product_tag-e-pood","10":"first","11":"instock","12":"shipping-taxable","13":"purchasable","14":"product-type-simple"},"acf":[],"_links":{"self":[{"href":"https:\/\/alleegalerii.ee\/en\/wp-json\/wp\/v2\/product\/15097","targetHints":{"allow":["GET"]}}],"collection":[{"href":"https:\/\/alleegalerii.ee\/en\/wp-json\/wp\/v2\/product"}],"about":[{"href":"https:\/\/alleegalerii.ee\/en\/wp-json\/wp\/v2\/types\/product"}],"wp:featuredmedia":[{"embeddable":true,"href":"https:\/\/alleegalerii.ee\/en\/wp-json\/wp\/v2\/media\/15098"}],"wp:attachment":[{"href":"https:\/\/alleegalerii.ee\/en\/wp-json\/wp\/v2\/media?parent=15097"}],"wp:term":[{"taxonomy":"product_brand","embeddable":true,"href":"https:\/\/alleegalerii.ee\/en\/wp-json\/wp\/v2\/product_brand?post=15097"},{"taxonomy":"product_cat","embeddable":true,"href":"https:\/\/alleegalerii.ee\/en\/wp-json\/wp\/v2\/product_cat?post=15097"},{"taxonomy":"product_tag","embeddable":true,"href":"https:\/\/alleegalerii.ee\/en\/wp-json\/wp\/v2\/product_tag?post=15097"}],"curies":[{"name":"wp","href":"https:\/\/api.w.org\/{rel}","templated":true}]}}