{"id":15079,"date":"2024-01-16T14:59:01","date_gmt":"2024-01-16T12:59:01","guid":{"rendered":"https:\/\/alleegalerii.ee\/?post_type=product&#038;p=15079"},"modified":"2024-01-29T14:20:15","modified_gmt":"2024-01-29T12:20:15","slug":"melanie-arrak-suvi-ii-1972","status":"publish","type":"product","link":"https:\/\/alleegalerii.ee\/en\/shop\/melanie-arrak-suvi-ii-1972\/","title":{"rendered":"Melanie Arrak &#8220;Suvi II&#8221;, 1972"},"content":{"rendered":"","protected":false},"excerpt":{"rendered":"<p>M\u00dc\u00dcDUD.<\/p>\n<p>\u00d5li vineeril. Raamitud.<\/p>\n<p>M\u00f5\u00f5dud: 65 x 81 cm, raamiga 70 x 86 cm.<\/p>\n<p>All paremal: M Arrak 1972<br \/>\nP\u00f6\u00f6rdel: Melanie Arrak Suvi II 1972 65 x 81<\/p>\n<p>Elmar Kitse, Johannes V\u00f5erahansu ja mitme teise kuulsa kunstniku k\u00e4e all oma loomingukeele leidnud Melanie Arrak (1923-2013) j\u00e4i elu l\u00f5puni truuks pallaslastest \u00f5petajate poolt hinnatud stiilile. Tema koduselt eestimaiste, taandatud toonidega teos &#8220;Suvi II&#8221; annab edasi L\u00f5una-Eesti suvemaastiku soojust.<\/p>\n","protected":false},"featured_media":15082,"template":"","meta":{"_acf_changed":false},"product_brand":[],"product_cat":[415,56,57,59],"product_tag":[60],"class_list":{"0":"post-15079","1":"product","2":"type-product","3":"status-publish","4":"has-post-thumbnail","6":"product_cat-maal","7":"product_cat-olimaal","8":"product_cat-muudud","9":"product_cat-e-pood","10":"product_tag-e-pood","12":"first","13":"outofstock","14":"sold-individually","15":"shipping-taxable","16":"purchasable","17":"product-type-simple"},"acf":[],"_links":{"self":[{"href":"https:\/\/alleegalerii.ee\/en\/wp-json\/wp\/v2\/product\/15079","targetHints":{"allow":["GET"]}}],"collection":[{"href":"https:\/\/alleegalerii.ee\/en\/wp-json\/wp\/v2\/product"}],"about":[{"href":"https:\/\/alleegalerii.ee\/en\/wp-json\/wp\/v2\/types\/product"}],"wp:featuredmedia":[{"embeddable":true,"href":"https:\/\/alleegalerii.ee\/en\/wp-json\/wp\/v2\/media\/15082"}],"wp:attachment":[{"href":"https:\/\/alleegalerii.ee\/en\/wp-json\/wp\/v2\/media?parent=15079"}],"wp:term":[{"taxonomy":"product_brand","embeddable":true,"href":"https:\/\/alleegalerii.ee\/en\/wp-json\/wp\/v2\/product_brand?post=15079"},{"taxonomy":"product_cat","embeddable":true,"href":"https:\/\/alleegalerii.ee\/en\/wp-json\/wp\/v2\/product_cat?post=15079"},{"taxonomy":"product_tag","embeddable":true,"href":"https:\/\/alleegalerii.ee\/en\/wp-json\/wp\/v2\/product_tag?post=15079"}],"curies":[{"name":"wp","href":"https:\/\/api.w.org\/{rel}","templated":true}]}}